{"id":5539,"date":"2016-04-06T09:13:04","date_gmt":"2016-04-06T07:13:04","guid":{"rendered":"http:\/\/www.arcus-lighting.com\/?page_id=5539"},"modified":"2018-05-09T09:39:38","modified_gmt":"2018-05-09T07:39:38","slug":"led-screen-trailer","status":"publish","type":"page","link":"https:\/\/www.arcus-lighting.com\/en\/led-screen-trailer\/","title":{"rendered":"LED Screen Trailer"},"content":{"rendered":"<section  class=\"ux-section dark\" style=\"background-color:#1a1a1a!important;padding:0px 0;margin-bottom:0px!important;\">  \n      \n      \n     <div class=\"ux-section-content\">\n<div class=\"ux-img-container \"><img src=\"https:\/\/www.arcus-lighting.com\/wp-content\/uploads\/2016\/02\/LED-Screen-Trailer-Header-1600x700.jpg\" alt=\"\" title=\"\" style=\"bottom:-0px\"\/><\/div>\n\t<div  class=\"row container \">\n<div class=\"small-12    large-12  columns   \"  ><div class=\"column-inner\"  >\n<h1 class=\"thin-font h-large\">LED Screen Trailer<\/h1>\n<p>Discover the LED Screen Trailer from Arcus. Take advantage of this mobile LED display for live broadcasts and create an indescribable atmosphere at public viewing, festivals, sporting events and more. The pre-assembled LED display eliminates the need for elaborate construction of trusses and the tedious assembly of the LED display from individual panels.<\/p>\n<\/div><\/div>\n<div class=\"small-12    large-6  columns   \"  ><div class=\"column-inner\"  >\n\n  <div class=\"featured-box  pos-left  \" title=\"\"  style=\"padding-left:79px;\">\n  <div class=\"box-inner\">\n    <div  class=\"featured-img  \"  style=\"width:64px;max-height:64px; \"><img src=\"https:\/\/www.arcus-lighting.com\/wp-content\/uploads\/2016\/04\/LED-Screen-Trailer-Icon-Size.png\" alt=\"\" style=\"width:100%;\"><\/div><!-- end icon -->        <h4> <span> <\/span><\/h4>\n        <h3 class=\"thin-font\">Up to 21 sqm LED display at 6.7 m<\/h3>\n<p>The LED Screen Trailer has a total length of approx. 7.5 m with a platform size of 6 x 2.1 m. The trailer can be extended to a height of up to 6.7 m and a LED display with a size of up to 21 sqm (6 x 3.5 m).<\/p>\n  <\/div>\n  <\/div>\n\n  \n<\/div><\/div>\n<div class=\"small-12    large-6  columns   \"  ><div class=\"column-inner\"  >\n\n  <div class=\"featured-box  pos-left  \" title=\"\"  style=\"padding-left:79px;\">\n  <div class=\"box-inner\">\n    <div  class=\"featured-img  \"  style=\"width:64px;max-height:64px; \"><img src=\"https:\/\/www.arcus-lighting.com\/wp-content\/uploads\/2016\/04\/LED-Screen-Trailer-Icon-Equipment.png\" alt=\"\" style=\"width:100%;\"><\/div><!-- end icon -->        <h4> <span> <\/span><\/h4>\n        <h3 class=\"thin-font\">Storage Space<\/h3>\n<p>Overall, the LED Screen Trailer has 4 storage compartments &#8211; two in the front and two in the rear of the trailer. The electronics for the LED display and the control for the hydraulics are housed in two storage compartments. The two other compartments are available for storage of additional equipment.<\/p>\n  <\/div>\n  <\/div>\n\n  \n<\/div><\/div>\n<\/div>\n  \n\t<div  class=\"row container \">\n<div class=\"small-12    large-6  columns   \"  ><div class=\"column-inner\"  >\n\n  <div class=\"featured-box  pos-left  \" title=\"\"  style=\"padding-left:79px;\">\n  <div class=\"box-inner\">\n    <div  class=\"featured-img  \"  style=\"width:64px;max-height:64px; \"><img src=\"https:\/\/www.arcus-lighting.com\/wp-content\/uploads\/2016\/04\/LED-Screen-Trailer-Icon-Transport.png\" alt=\"\" style=\"width:100%;\"><\/div><!-- end icon -->        <h4> <span> <\/span><\/h4>\n        <h3 class=\"thin-font\">Transport<\/h3>\n<p>For transport, the LED display does not have to be disassembled into the individual panels, since it can be secured on the trailer within a very short time. The first part of the LED display remains on the telescope unit and the second part is attached as a whole to a special bracket on the side of the trailer.<\/p>\n  <\/div>\n  <\/div>\n\n  \n<\/div><\/div>\n<div class=\"small-12    large-6  columns   \"  ><div class=\"column-inner\"  >\n\n  <div class=\"featured-box  pos-left  \" title=\"\"  style=\"padding-left:79px;\">\n  <div class=\"box-inner\">\n    <div  class=\"featured-img  \"  style=\"width:64px;max-height:64px; \"><img src=\"https:\/\/www.arcus-lighting.com\/wp-content\/uploads\/2016\/04\/LED-Screen-Trailer-Icon-Installation.png\" alt=\"\" style=\"width:100%;\"><\/div><!-- end icon -->        <h4> <span> <\/span><\/h4>\n        <h3 class=\"thin-font\">Setup<\/h3>\n<p>The storage of the LED display in the two parts allows a quick installation. To construct, the telescope unit must be extended, rotated by 180\u00b0 and docked on the second half of the LED screen. Then the LED display is moved to the correct height and aligned, whereby a full rotation of 360 \u00b0 is possible.<\/p>\n  <\/div>\n  <\/div>\n\n  \n<\/div><\/div>\n<\/div>\n  \n<div style=\"display:block;height:30px\" class=\"clearfix\"><\/div>\n<\/div>\n      \n        <\/section><!-- .ux-section -->\n\n  \n\n     \n     <section  class=\"ux-section\" style=\"padding:30px 0;margin-bottom:0px!important;\">  \n      \n      \n     <div class=\"ux-section-content\">\n\t<div  class=\"row container \">\n<div class=\"small-12    large-12  columns   \"  ><div class=\"column-inner\"  >\n<h2 class=\"thin-font\">Equipment<\/h2>\n<p>In the standard version of the LED Screen Trailer, you get a high-quality and fully usable trailer. Building on this, we offer a range of additional comfort features that save extra time and manpower and thereby increase the overall usability of the trailer.<\/p>\n<\/div><\/div>\n<\/div>\n  \n\t<div  class=\"row container \">\n<div class=\"small-12    large-4  columns   \"  ><div class=\"column-inner\"  >\n<p><img decoding=\"async\" loading=\"lazy\" class=\"aligncenter size-full wp-image-5611\" src=\"http:\/\/www.arcus-lighting.com\/wp-content\/uploads\/2016\/04\/LED-Screen-Trailer-Moversystem-1.png\" alt=\"LED-Screen-Trailer-Moversystem\" width=\"400\" height=\"266\" \/><\/p>\n<\/div><\/div>\n<div class=\"small-12    large-8  columns   \"  ><div class=\"column-inner\"  >\n<h3 class=\"thin-font\">Moversystem<\/h3>\n<p>With the optional Mover System, the trailer can be aligned to the centimeter. For this purpose, the trailer is decoupled near the final location and 4 fully synchronized drive elements move the trailer at the touch of a button to the tires. These enable the LED Screen Trailer to be precisely positioned using an infrared remote control. The power is supplied via an external battery, which is sufficient to supply the Mover System in full load operation for up to 15 min with energy.<\/p>\n<\/div><\/div>\n<\/div>\n  \n\t<div  class=\"row container \">\n<div class=\"small-12    large-4  columns   \"  ><div class=\"column-inner\"  >\n<p><img decoding=\"async\" loading=\"lazy\" class=\"aligncenter size-full wp-image-5630\" src=\"http:\/\/www.arcus-lighting.com\/wp-content\/uploads\/2016\/04\/LED-Screen-Trailer-Control.jpg\" alt=\"LED-Screen-Trailer-Control\" width=\"400\" height=\"500\" \/><\/p>\n<\/div><\/div>\n<div class=\"small-12    large-8  columns   \"  ><div class=\"column-inner\"  >\n<h3 class=\"thin-font\">Electronic slewing ring positioning &amp; hydraulic control<\/h3>\n<p>In the standard version of the LED Screen Trailer, the turntable is positioned manually. Optionally, we offer an electronic control in form of a wired control bottle. This offers various advantages, especially, in the construction of the LED display, as docking of the display allows it to be aligned to the nearest millimeter. With the electronic control, you can work precisely through a stepless regulation of the speed. The remote control also allows a free movement, so you can easily control the exact positioning on the trailer. In addition, the control automatically locks the slewing ring, eliminating the need for manual locking and unlocking with a bolt.<\/p>\n<p>In addition to the electronic turntable positioning, it is also possible to control the hydraulic control for extending and retracting the LED display via the remote control. By default, this is done via levers on the trailer. The electronic control allows stepless regulation of the lifting speed and thus enables a more precise control with increased flexibility.<\/p>\n<\/div><\/div>\n<\/div>\n  \n\t<div  class=\"row container \">\n<div class=\"small-12    large-4  columns   \"  ><div class=\"column-inner\"  >\n<p><img decoding=\"async\" loading=\"lazy\" class=\"aligncenter size-full wp-image-5632\" src=\"http:\/\/www.arcus-lighting.com\/wp-content\/uploads\/2016\/04\/LED-Screen-Trailer-Rail.jpg\" alt=\"LED-Screen-Trailer-Rail\" width=\"400\" height=\"266\" \/><\/p>\n<\/div><\/div>\n<div class=\"small-12    large-8  columns   \"  ><div class=\"column-inner\"  >\n<h3 class=\"thin-font\">Airline attachment system<\/h3>\n<p>Optionally, the LED Screen Trailer is fitted with a robust all-round airline attachment system. This allows easy securing of additional equipment with freely positionable ring attachment eyelets.<\/p>\n<\/div><\/div>\n<\/div>\n  \n\t<div  class=\"row container \">\n<div class=\"small-12    large-4  columns   \"  ><div class=\"column-inner\"  >\n<h3><img decoding=\"async\" loading=\"lazy\" class=\"aligncenter size-full wp-image-5633\" src=\"http:\/\/www.arcus-lighting.com\/wp-content\/uploads\/2016\/04\/LED-Screen-Trailer-Channeled-Sheet.jpg\" alt=\"LED-Screen-Trailer-Channeled-Sheet\" width=\"400\" height=\"266\" \/><\/h3>\n<\/div><\/div>\n<div class=\"small-12    large-8  columns   \"  ><div class=\"column-inner\"  >\n<h3 class=\"thin-font\">Rubber surface<\/h3>\n<p>In the standard package, the LED Screen Trailer is equipped with a vehicle multiplex panel with anti-slip structure and weatherproof screen-printed coating on both sides. Optionally, we offer an additional coating of the vehicle multiplex board with a fully bonded, non-slip rubber checker plate. This increases safety and also gives the trailer a higher-quality look.<\/p>\n<\/div><\/div>\n<\/div>\n  \n\t<div  class=\"row container \">\n<div class=\"small-12    large-4  columns   \"  ><div class=\"column-inner\"  >\n<p><img decoding=\"async\" loading=\"lazy\" class=\"aligncenter size-full wp-image-5650\" src=\"http:\/\/www.arcus-lighting.com\/wp-content\/uploads\/2016\/04\/LED-Screen-Trailer-Axis.jpg\" alt=\"LED-Screen-Trailer-Axis\" width=\"400\" height=\"266\" \/><\/p>\n<\/div><\/div>\n<div class=\"small-12    large-8  columns   \"  ><div class=\"column-inner\"  >\n<h3 class=\"thin-font\">Rotary axis &amp; wind warning unit<\/h3>\n<p>In the standard version, a high-quality rubber spring axle is installed in the LED Screen Trailer. If you have very high demands on the use of the LED Screen Trailer, we offer the option to use a rotary push spring axle as an option. Such an axle is specially designed for the use of trailers with permanent loads and thus convinces with less wear and higher service lifespan.<\/p>\n<p>Optionally, we equip the trailer with a wind warning unit including control unit and wind speed sensor.<\/p>\n<\/div><\/div>\n<\/div>\n  \n<\/div>\n      \n        <\/section><!-- .ux-section -->\n\n  \n\n     \n     <section id=\"core\" class=\"ux-section dark has-img has-img-right\" style=\"background-color:#1a1a1a!important;padding:60px 0;margin-bottom:0px!important;\">  \n      \n     <div class=\"ux-section-img right\" style=\"width:45%; background-image: url('http:\/\/www.arcus-lighting.com\/wp-content\/uploads\/2016\/04\/LED-Screen-Trailer-AirULTRA-Display.jpg');margin:60px 0;\"><img src=\"http:\/\/www.arcus-lighting.com\/wp-content\/uploads\/2016\/04\/LED-Screen-Trailer-AirULTRA-Display.jpg\"><\/div> \n     <div class=\"ux-section-content\">\n\t<div  class=\"row container \">\n<div class=\"small-12    large-6  columns   \"  ><div class=\"column-inner\"  >\n<h2 class=\"thin-font\">LED Display<\/h2>\n<p>The LED Screen Trailer is designed to match LED displays from many different manufacturers, since only the holder for transport needs to be customized. Of course, this production is already included in the standard version of the LED Screen Trailer, regardless of whether you want to use an LED display from Arcus.<\/p>\n<p>Optionally, we can offer you the possibility to deliver the trailer together with a suitable LED display. Our panels provide the perfect foundation for your application. The panels provide a wide viewing angle with world-class color reproduction and brightness levels of up to 6,500 nits, giving the LED display powerful images even in bright sunshine.<\/p>\n<\/div><\/div>\n<div class=\"small-12    large-6  columns   \"  ><div class=\"column-inner\"  >\n<\/div><\/div>\n<\/div>\n  \n<\/div>\n      \n        <\/section><!-- .ux-section -->\n\n  \n\n     \n     <section  class=\"ux-section\" style=\"padding:30px 0;margin-bottom:0px!important;\">  \n      \n      \n     <div class=\"ux-section-content\">\n\t<div  class=\"row container \">\n<div class=\"small-12    large-12  columns   \"  ><div class=\"column-inner\"  >\n<h2 class=\"thin-font\">Available LED Screen Trailer<\/h2>\n<p>We offer the LED Screen Trailer in different models, which vary in the maximum total height of either 5000 mm or 6700 mm. In Germany, a so-called construction book from T\u00dcV is required for the LED Screen Trailer with a total height of more than 5000 mm. Since this is associated with corresponding costs, we offer the SP6700Pro an LED screen trailer, which is technically designed for a total height of 6700 mm. However, this is restricted by law to an overall height of 5000 mm due to an electronic limitation. Subsequently, it is possible to issue a building book and have the restriction removed.<div class=\"table-responsive\"><table  style=\"width:100%; \"  class=\"easy-table easy-table-default \" >\n<thead>\r\n<tr><th ><\/th>\n<th >SP5000<\/th>\n<th > SP6700<\/th>\n<th > SP6700Pro<\/th>\n<\/tr>\n<\/thead>\n<tbody>\r\n<tr><td >total weight<\/td>\n<td > 3500 kg<\/td>\n<td > 3500 kg<\/td>\n<td > 3500 kg<\/td>\n<\/tr>\n\r\n<tr><td >weight (without LED Display)<\/td>\n<td > ca. 1800 kg<\/td>\n<td > ca. 2300 kg<\/td>\n<td > ca. 2300 kg<\/td>\n<\/tr>\n\r\n<tr><td >total length<\/td>\n<td > 7530 mm<\/td>\n<td > 7530 mm<\/td>\n<td > 7530 mm<\/td>\n<\/tr>\n\r\n<tr><td >plattform<\/td>\n<td > 6000 x 2100 mm<\/td>\n<td > 6000 x 2100 mm<\/td>\n<td > 6000 x 2100 mm<\/td>\n<\/tr>\n\r\n<tr><td >total hight<\/td>\n<td > up to 5000 mm<\/td>\n<td > up to 6700 mm<\/td>\n<td > up to 5000 or 6700 mm<\/td>\n<\/tr>\n\r\n<tr><td >LED Display<\/td>\n<td > up to 15 qm (5 x 3 m)<\/td>\n<td > up to 21 qm (6 x 3.5 m)<\/td>\n<td > up to 15 qm (5 x 3 m) or 21 qm (6 x 3.5 m)<\/td>\n<\/tr>\n\r\n<tr><td >Baubuch (T\u00dcV) required<\/td>\n<td > no<\/td>\n<td > yes<\/td>\n<td > up to 5000 mm no; up to 6700 mm yes<\/td>\n<\/tr>\n<\/tbody><\/table><\/div>\n<\/div><\/div>\n<\/div>\n  \n<\/div>\n      \n        <\/section><!-- .ux-section -->\n\n  \n<div class=\"message-box dark\" style=\"background-image:url();background-color:#1994D2!important\"><div class=\"row\"><div class=\"large-12 columns\"><div class=\"inner\"><a href=\"http:\/\/www.arcus-lighting.com\/kontakt\/\" class=\"button  white alt-button\" >Get a quotation<\/a>\n<\/div><\/div><\/div><\/div><!-- .message-box -->","protected":false},"excerpt":{"rendered":"","protected":false},"author":1,"featured_media":0,"parent":0,"menu_order":0,"comment_status":"closed","ping_status":"closed","template":"page-blank.php","meta":[],"yoast_head":"<!-- This site is optimized with the Yoast SEO plugin v20.0 - https:\/\/yoast.com\/wordpress\/plugins\/seo\/ -->\n<title>LED Screen Trailer | Arcus Licht- und Pr\u00e4sentationstechnik<\/title>\n<meta name=\"description\" content=\"Nutzen Sie den mobilen LED Screen Trailer f\u00fcr Live\u00fcbertragungen und erschaffen Sie eine unbeschreibliche Atmosph\u00e4re bei Public Viewing, Festivals, u.v.m.\" \/>\n<meta name=\"robots\" content=\"index, follow, max-snippet:-1, max-image-preview:large, max-video-preview:-1\" \/>\n<link rel=\"canonical\" href=\"https:\/\/www.arcus-lighting.com\/de\/led-screen-trailer\/\" \/>\n<meta property=\"og:locale\" content=\"en_US\" \/>\n<meta property=\"og:type\" content=\"article\" \/>\n<meta property=\"og:title\" content=\"[:de]LED Screen Trailer[:en]LED Screen Trailer | Arcus Licht- und Pr\u00e4sentationstechnik\" \/>\n<meta property=\"og:description\" content=\"Nutzen Sie den mobilen LED Screen Trailer f\u00fcr Live\u00fcbertragungen und erschaffen Sie eine unbeschreibliche Atmosph\u00e4re bei Public Viewing, Festivals, u.v.m.\" \/>\n<meta property=\"og:url\" content=\"https:\/\/www.arcus-lighting.com\/de\/led-screen-trailer\/\" \/>\n<meta property=\"og:site_name\" content=\"Arcus Licht- und Pr\u00e4sentationstechnik\" \/>\n<meta property=\"article:modified_time\" content=\"2018-05-09T07:39:38+00:00\" \/>\n<meta property=\"og:image\" content=\"http:\/\/www.arcus-lighting.com\/wp-content\/uploads\/2016\/04\/LED-Screen-Trailer-Moversystem-1.png\" \/>\n<meta name=\"twitter:label1\" content=\"Est. reading time\" \/>\n\t<meta name=\"twitter:data1\" content=\"12 minutes\" \/>\n<script type=\"application\/ld+json\" class=\"yoast-schema-graph\">{\"@context\":\"https:\/\/schema.org\",\"@graph\":[{\"@type\":\"WebPage\",\"@id\":\"https:\/\/www.arcus-lighting.com\/de\/led-screen-trailer\/\",\"url\":\"https:\/\/www.arcus-lighting.com\/de\/led-screen-trailer\/\",\"name\":\"[:de]LED Screen Trailer[:en]LED Screen Trailer | Arcus Licht- und Pr\u00e4sentationstechnik\",\"isPartOf\":{\"@id\":\"https:\/\/www.arcus-lighting.com\/de\/#website\"},\"datePublished\":\"2016-04-06T07:13:04+00:00\",\"dateModified\":\"2018-05-09T07:39:38+00:00\",\"description\":\"Nutzen Sie den mobilen LED Screen Trailer f\u00fcr Live\u00fcbertragungen und erschaffen Sie eine unbeschreibliche Atmosph\u00e4re bei Public Viewing, Festivals, u.v.m.\",\"breadcrumb\":{\"@id\":\"https:\/\/www.arcus-lighting.com\/de\/led-screen-trailer\/#breadcrumb\"},\"inLanguage\":\"en-US\",\"potentialAction\":[{\"@type\":\"ReadAction\",\"target\":[\"https:\/\/www.arcus-lighting.com\/de\/led-screen-trailer\/\"]}]},{\"@type\":\"BreadcrumbList\",\"@id\":\"https:\/\/www.arcus-lighting.com\/de\/led-screen-trailer\/#breadcrumb\",\"itemListElement\":[{\"@type\":\"ListItem\",\"position\":1,\"name\":\"Home\",\"item\":\"https:\/\/www.arcus-lighting.com\/\"},{\"@type\":\"ListItem\",\"position\":2,\"name\":\"LED Screen Trailer\"}]},{\"@type\":\"WebSite\",\"@id\":\"https:\/\/www.arcus-lighting.com\/de\/#website\",\"url\":\"https:\/\/www.arcus-lighting.com\/de\/\",\"name\":\"Arcus Licht- und Pr\u00e4sentationstechnik\",\"description\":\"\",\"potentialAction\":[{\"@type\":\"SearchAction\",\"target\":{\"@type\":\"EntryPoint\",\"urlTemplate\":\"https:\/\/www.arcus-lighting.com\/de\/?s={search_term_string}\"},\"query-input\":\"required name=search_term_string\"}],\"inLanguage\":\"en-US\"}]}<\/script>\n<!-- \/ Yoast SEO plugin. -->","yoast_head_json":{"title":"[:de]LED Screen Trailer[:en]LED Screen Trailer | Arcus Licht- und Pr\u00e4sentationstechnik","description":"Nutzen Sie den mobilen LED Screen Trailer f\u00fcr Live\u00fcbertragungen und erschaffen Sie eine unbeschreibliche Atmosph\u00e4re bei Public Viewing, Festivals, u.v.m.","robots":{"index":"index","follow":"follow","max-snippet":"max-snippet:-1","max-image-preview":"max-image-preview:large","max-video-preview":"max-video-preview:-1"},"canonical":"https:\/\/www.arcus-lighting.com\/de\/led-screen-trailer\/","og_locale":"en_US","og_type":"article","og_title":"[:de]LED Screen Trailer[:en]LED Screen Trailer | Arcus Licht- und Pr\u00e4sentationstechnik","og_description":"Nutzen Sie den mobilen LED Screen Trailer f\u00fcr Live\u00fcbertragungen und erschaffen Sie eine unbeschreibliche Atmosph\u00e4re bei Public Viewing, Festivals, u.v.m.","og_url":"https:\/\/www.arcus-lighting.com\/de\/led-screen-trailer\/","og_site_name":"Arcus Licht- und Pr\u00e4sentationstechnik","article_modified_time":"2018-05-09T07:39:38+00:00","og_image":[{"url":"http:\/\/www.arcus-lighting.com\/wp-content\/uploads\/2016\/04\/LED-Screen-Trailer-Moversystem-1.png"}],"twitter_misc":{"Est. reading time":"12 minutes"},"schema":{"@context":"https:\/\/schema.org","@graph":[{"@type":"WebPage","@id":"https:\/\/www.arcus-lighting.com\/de\/led-screen-trailer\/","url":"https:\/\/www.arcus-lighting.com\/de\/led-screen-trailer\/","name":"[:de]LED Screen Trailer[:en]LED Screen Trailer | Arcus Licht- und Pr\u00e4sentationstechnik","isPartOf":{"@id":"https:\/\/www.arcus-lighting.com\/de\/#website"},"datePublished":"2016-04-06T07:13:04+00:00","dateModified":"2018-05-09T07:39:38+00:00","description":"Nutzen Sie den mobilen LED Screen Trailer f\u00fcr Live\u00fcbertragungen und erschaffen Sie eine unbeschreibliche Atmosph\u00e4re bei Public Viewing, Festivals, u.v.m.","breadcrumb":{"@id":"https:\/\/www.arcus-lighting.com\/de\/led-screen-trailer\/#breadcrumb"},"inLanguage":"en-US","potentialAction":[{"@type":"ReadAction","target":["https:\/\/www.arcus-lighting.com\/de\/led-screen-trailer\/"]}]},{"@type":"BreadcrumbList","@id":"https:\/\/www.arcus-lighting.com\/de\/led-screen-trailer\/#breadcrumb","itemListElement":[{"@type":"ListItem","position":1,"name":"Home","item":"https:\/\/www.arcus-lighting.com\/"},{"@type":"ListItem","position":2,"name":"LED Screen Trailer"}]},{"@type":"WebSite","@id":"https:\/\/www.arcus-lighting.com\/de\/#website","url":"https:\/\/www.arcus-lighting.com\/de\/","name":"Arcus Licht- und Pr\u00e4sentationstechnik","description":"","potentialAction":[{"@type":"SearchAction","target":{"@type":"EntryPoint","urlTemplate":"https:\/\/www.arcus-lighting.com\/de\/?s={search_term_string}"},"query-input":"required name=search_term_string"}],"inLanguage":"en-US"}]}},"_links":{"self":[{"href":"https:\/\/www.arcus-lighting.com\/en\/wp-json\/wp\/v2\/pages\/5539"}],"collection":[{"href":"https:\/\/www.arcus-lighting.com\/en\/wp-json\/wp\/v2\/pages"}],"about":[{"href":"https:\/\/www.arcus-lighting.com\/en\/wp-json\/wp\/v2\/types\/page"}],"author":[{"embeddable":true,"href":"https:\/\/www.arcus-lighting.com\/en\/wp-json\/wp\/v2\/users\/1"}],"replies":[{"embeddable":true,"href":"https:\/\/www.arcus-lighting.com\/en\/wp-json\/wp\/v2\/comments?post=5539"}],"version-history":[{"count":6,"href":"https:\/\/www.arcus-lighting.com\/en\/wp-json\/wp\/v2\/pages\/5539\/revisions"}],"predecessor-version":[{"id":6354,"href":"https:\/\/www.arcus-lighting.com\/en\/wp-json\/wp\/v2\/pages\/5539\/revisions\/6354"}],"wp:attachment":[{"href":"https:\/\/www.arcus-lighting.com\/en\/wp-json\/wp\/v2\/media?parent=5539"}],"curies":[{"name":"wp","href":"https:\/\/api.w.org\/{rel}","templated":true}]}}