{"id":15,"date":"2016-02-11T10:18:06","date_gmt":"2016-02-11T09:18:06","guid":{"rendered":"http:\/\/www.arcus-lighting.com\/?page_id=15"},"modified":"2022-02-18T12:17:37","modified_gmt":"2022-02-18T11:17:37","slug":"ueber-uns","status":"publish","type":"page","link":"https:\/\/www.arcus-lighting.com\/en\/ueber-uns\/","title":{"rendered":"About us"},"content":{"rendered":"\n     \n     <section  class=\"ux-section has-img has-img-left\" style=\"background-color:#fff!important;padding:0px 0;margin-bottom:0px!important;\">  \n      \n     <div class=\"ux-section-img left\" style=\"width:48%; background-image: url('http:\/\/www.arcus-lighting.com\/wp-content\/uploads\/2016\/02\/AboutUs3.jpg');\"><img src=\"http:\/\/www.arcus-lighting.com\/wp-content\/uploads\/2016\/02\/AboutUs3.jpg\"><\/div> \n     <div class=\"ux-section-content\">\n\t<div  class=\"row container \">\n<div class=\"small-12    large-6  columns   \"  ><div class=\"column-inner\"  >\n<\/div><\/div>\n<div class=\"small-12    large-6  columns   \"  ><div class=\"column-inner\"  >\n<h1 class=\"thin-font\">\u00dcber uns<\/h1>\n<p>Seit mehr als 25 Jahren steht der Name Arcus f\u00fcr professionelle Veranstaltungstechnik. Das 1996 gegr\u00fcndete Familienunternehmen entwickelte sich zu einem weltweit agierenden Hersteller und Vertrieb unter anderem von LED Displays, B\u00fchnenscheinwerfern, Lichtstellpulten und Visualisierungssoftware. Kreative und innovative L\u00f6sungen sind f\u00fcr uns genauso wichtig wie nachhaltige Qualit\u00e4t und qualifizierte Beratung.<\/p>\n<p>Mit unserer jahrzehntelangen Erfahrung als Spezialist f\u00fcr Veranstaltungen und Pr\u00e4sentationen garantieren wir zuverl\u00e4ssige Fachkompetenz f\u00fcr ein breites Spektrum von Anwendungen. Arcus ist seit jeher international ausgelegt und arbeitet mit Gesch\u00e4ftspartnern und Kunden der ganzen Welt. Ob Einzelunternehmer oder multinationaler Konzern, ob Verleih oder Endkunde mit unserem vielseitigen Produktportfolio bieten wir ma\u00dfgeschneiderte L\u00f6sungen f\u00fcr jeden Kunden.<\/p>\n<h2 class=\"thin-font\">Unsere Philosophie<\/h2>\n<p>Seit der Firmengr\u00fcndung verfolgen wir stets den Anspruch die h\u00f6chste Qualit\u00e4t zu einem angemessenen Preis zu bieten. Mit unserem Kern, dem Projektgesch\u00e4ft, legen wir gro\u00dfen Wert auf einen individuellen und kompetenten Service und Support. Aus diesem Grund bieten wir keine L\u00f6sung von der Stange. Jede Kundenanfrage wird individuell behandelt und wir tun unser Bestes Ihre W\u00fcnsche und Vorstellungen zu realisieren.<\/p>\n<\/div><\/div>\n<\/div>\n  \n<\/div>\n      \n        <\/section><!-- .ux-section -->\n\n  \n<div style=\"display:block;height:30px\" class=\"clearfix\"><\/div>\n<div class=\"ux-img-container \"><img src=\"https:\/\/www.arcus-lighting.com\/wp-content\/uploads\/2016\/02\/AboutUs2.jpg\" alt=\"\" title=\"\" style=\"bottom:-0px\"\/><\/div>\n","protected":false},"excerpt":{"rendered":"","protected":false},"author":1,"featured_media":0,"parent":0,"menu_order":0,"comment_status":"closed","ping_status":"closed","template":"page-blank-container.php","meta":[],"yoast_head":"<!-- This site is optimized with the Yoast SEO plugin v20.0 - https:\/\/yoast.com\/wordpress\/plugins\/seo\/ -->\n<title>\u00dcber uns | Arcus Licht- und Pr\u00e4sentationstechnik<\/title>\n<meta name=\"description\" content=\"Seit der Firmengr\u00fcndung verfolgen wir stets den Anspruch die h\u00f6chste Qualit\u00e4t zu einem angemessenen Preis zu bieten.\" \/>\n<meta name=\"robots\" content=\"index, follow, max-snippet:-1, max-image-preview:large, max-video-preview:-1\" \/>\n<link rel=\"canonical\" href=\"https:\/\/www.arcus-lighting.com\/de\/ueber-uns\/\" \/>\n<meta property=\"og:locale\" content=\"en_US\" \/>\n<meta property=\"og:type\" content=\"article\" \/>\n<meta property=\"og:title\" content=\"\u00dcber uns | Arcus Licht- und Pr\u00e4sentationstechnik\" \/>\n<meta property=\"og:description\" content=\"Seit der Firmengr\u00fcndung verfolgen wir stets den Anspruch die h\u00f6chste Qualit\u00e4t zu einem angemessenen Preis zu bieten.\" \/>\n<meta property=\"og:url\" content=\"https:\/\/www.arcus-lighting.com\/de\/ueber-uns\/\" \/>\n<meta property=\"og:site_name\" content=\"Arcus Licht- und Pr\u00e4sentationstechnik\" \/>\n<meta property=\"article:modified_time\" content=\"2022-02-18T11:17:37+00:00\" \/>\n<meta name=\"twitter:label1\" content=\"Est. reading time\" \/>\n\t<meta name=\"twitter:data1\" content=\"1 minute\" \/>\n<script type=\"application\/ld+json\" class=\"yoast-schema-graph\">{\"@context\":\"https:\/\/schema.org\",\"@graph\":[{\"@type\":\"WebPage\",\"@id\":\"https:\/\/www.arcus-lighting.com\/de\/ueber-uns\/\",\"url\":\"https:\/\/www.arcus-lighting.com\/de\/ueber-uns\/\",\"name\":\"\u00dcber uns | Arcus Licht- und Pr\u00e4sentationstechnik\",\"isPartOf\":{\"@id\":\"https:\/\/www.arcus-lighting.com\/de\/#website\"},\"datePublished\":\"2016-02-11T09:18:06+00:00\",\"dateModified\":\"2022-02-18T11:17:37+00:00\",\"description\":\"Seit der Firmengr\u00fcndung verfolgen wir stets den Anspruch die h\u00f6chste Qualit\u00e4t zu einem angemessenen Preis zu bieten.\",\"breadcrumb\":{\"@id\":\"https:\/\/www.arcus-lighting.com\/de\/ueber-uns\/#breadcrumb\"},\"inLanguage\":\"en-US\",\"potentialAction\":[{\"@type\":\"ReadAction\",\"target\":[\"https:\/\/www.arcus-lighting.com\/de\/ueber-uns\/\"]}]},{\"@type\":\"BreadcrumbList\",\"@id\":\"https:\/\/www.arcus-lighting.com\/de\/ueber-uns\/#breadcrumb\",\"itemListElement\":[{\"@type\":\"ListItem\",\"position\":1,\"name\":\"Home\",\"item\":\"https:\/\/www.arcus-lighting.com\/\"},{\"@type\":\"ListItem\",\"position\":2,\"name\":\"\u00dcber uns\"}]},{\"@type\":\"WebSite\",\"@id\":\"https:\/\/www.arcus-lighting.com\/de\/#website\",\"url\":\"https:\/\/www.arcus-lighting.com\/de\/\",\"name\":\"Arcus Licht- und Pr\u00e4sentationstechnik\",\"description\":\"\",\"potentialAction\":[{\"@type\":\"SearchAction\",\"target\":{\"@type\":\"EntryPoint\",\"urlTemplate\":\"https:\/\/www.arcus-lighting.com\/de\/?s={search_term_string}\"},\"query-input\":\"required name=search_term_string\"}],\"inLanguage\":\"en-US\"}]}<\/script>\n<!-- \/ Yoast SEO plugin. -->","yoast_head_json":{"title":"\u00dcber uns | Arcus Licht- und Pr\u00e4sentationstechnik","description":"Seit der Firmengr\u00fcndung verfolgen wir stets den Anspruch die h\u00f6chste Qualit\u00e4t zu einem angemessenen Preis zu bieten.","robots":{"index":"index","follow":"follow","max-snippet":"max-snippet:-1","max-image-preview":"max-image-preview:large","max-video-preview":"max-video-preview:-1"},"canonical":"https:\/\/www.arcus-lighting.com\/de\/ueber-uns\/","og_locale":"en_US","og_type":"article","og_title":"\u00dcber uns | Arcus Licht- und Pr\u00e4sentationstechnik","og_description":"Seit der Firmengr\u00fcndung verfolgen wir stets den Anspruch die h\u00f6chste Qualit\u00e4t zu einem angemessenen Preis zu bieten.","og_url":"https:\/\/www.arcus-lighting.com\/de\/ueber-uns\/","og_site_name":"Arcus Licht- und Pr\u00e4sentationstechnik","article_modified_time":"2022-02-18T11:17:37+00:00","twitter_misc":{"Est. reading time":"1 minute"},"schema":{"@context":"https:\/\/schema.org","@graph":[{"@type":"WebPage","@id":"https:\/\/www.arcus-lighting.com\/de\/ueber-uns\/","url":"https:\/\/www.arcus-lighting.com\/de\/ueber-uns\/","name":"\u00dcber uns | Arcus Licht- und Pr\u00e4sentationstechnik","isPartOf":{"@id":"https:\/\/www.arcus-lighting.com\/de\/#website"},"datePublished":"2016-02-11T09:18:06+00:00","dateModified":"2022-02-18T11:17:37+00:00","description":"Seit der Firmengr\u00fcndung verfolgen wir stets den Anspruch die h\u00f6chste Qualit\u00e4t zu einem angemessenen Preis zu bieten.","breadcrumb":{"@id":"https:\/\/www.arcus-lighting.com\/de\/ueber-uns\/#breadcrumb"},"inLanguage":"en-US","potentialAction":[{"@type":"ReadAction","target":["https:\/\/www.arcus-lighting.com\/de\/ueber-uns\/"]}]},{"@type":"BreadcrumbList","@id":"https:\/\/www.arcus-lighting.com\/de\/ueber-uns\/#breadcrumb","itemListElement":[{"@type":"ListItem","position":1,"name":"Home","item":"https:\/\/www.arcus-lighting.com\/"},{"@type":"ListItem","position":2,"name":"\u00dcber uns"}]},{"@type":"WebSite","@id":"https:\/\/www.arcus-lighting.com\/de\/#website","url":"https:\/\/www.arcus-lighting.com\/de\/","name":"Arcus Licht- und Pr\u00e4sentationstechnik","description":"","potentialAction":[{"@type":"SearchAction","target":{"@type":"EntryPoint","urlTemplate":"https:\/\/www.arcus-lighting.com\/de\/?s={search_term_string}"},"query-input":"required name=search_term_string"}],"inLanguage":"en-US"}]}},"_links":{"self":[{"href":"https:\/\/www.arcus-lighting.com\/en\/wp-json\/wp\/v2\/pages\/15"}],"collection":[{"href":"https:\/\/www.arcus-lighting.com\/en\/wp-json\/wp\/v2\/pages"}],"about":[{"href":"https:\/\/www.arcus-lighting.com\/en\/wp-json\/wp\/v2\/types\/page"}],"author":[{"embeddable":true,"href":"https:\/\/www.arcus-lighting.com\/en\/wp-json\/wp\/v2\/users\/1"}],"replies":[{"embeddable":true,"href":"https:\/\/www.arcus-lighting.com\/en\/wp-json\/wp\/v2\/comments?post=15"}],"version-history":[{"count":6,"href":"https:\/\/www.arcus-lighting.com\/en\/wp-json\/wp\/v2\/pages\/15\/revisions"}],"predecessor-version":[{"id":6469,"href":"https:\/\/www.arcus-lighting.com\/en\/wp-json\/wp\/v2\/pages\/15\/revisions\/6469"}],"wp:attachment":[{"href":"https:\/\/www.arcus-lighting.com\/en\/wp-json\/wp\/v2\/media?parent=15"}],"curies":[{"name":"wp","href":"https:\/\/api.w.org\/{rel}","templated":true}]}}