{"id":1172,"date":"2016-02-17T11:35:01","date_gmt":"2016-02-17T10:35:01","guid":{"rendered":"http:\/\/www.arcus-lighting.com\/?page_id=1172"},"modified":"2018-05-08T14:00:28","modified_gmt":"2018-05-08T12:00:28","slug":"backup-4","status":"publish","type":"page","link":"https:\/\/www.arcus-lighting.com\/en\/backup-4\/","title":{"rendered":"Backup 4"},"content":{"rendered":"<section  class=\"ux-section dark has-parallax\" style=\"padding:160px 0;margin-bottom:0px!important;\">  \n      <div class=\"ux-section-bg banner-bg \" 0 style=\"background-image:url(http:\/\/www.arcus-lighting.com\/wp-content\/uploads\/2016\/02\/Backup4-Header-1.jpg);\"><\/div> \n      \n     <div class=\"ux-section-content\">\n<div style=\"display:block;height:30px\" class=\"clearfix\"><\/div>\n<h1 class=\"h-xlarge uppercase\" style=\"text-align: center;\">Backup 4<\/h1>\n<p class=\"h-large\" style=\"text-align: center;\">Made in Germany<\/p>\n<\/div>\n      \n        <\/section><!-- .ux-section -->\n\n  \n\n     \n     <section  class=\"ux-section dark\" style=\"background-color:#000!important;padding:0px 0;margin-bottom:0px!important;\">  \n      \n      \n     <div class=\"ux-section-content\">\n\t<div  class=\"row container \">\n<div class=\"small-12    large-12  columns   \"  ><div class=\"column-inner\"  >\n<h2 class=\"thin-font uppercase\">DESCRIPTION<\/h2>\n<p>The Backup 4 switches enable reliable switching from a main to a backup system. Up to 8 DMX universes and in the &#8220;N&#8221; version additional Ethernet, e.g. for the protocols Art-Net and sACN (E1.3.1) are supported.<\/p>\n<\/div><\/div>\n<div class=\"small-12    large-6  columns   \"  ><div class=\"column-inner\"  >\n\n  <div class=\"featured-box  pos-left  \" title=\"\"  style=\"padding-left:79px;\">\n  <div class=\"box-inner\">\n    <div  class=\"featured-img  \"  style=\"width:64px;max-height:64px; \"><img src=\"https:\/\/www.arcus-lighting.com\/wp-content\/uploads\/2016\/02\/Backup4-Icon-Fast-Live-Switching.png\" alt=\"\" style=\"width:100%;\"><\/div><!-- end icon -->        <h4> <span> <\/span><\/h4>\n        <h3 class=\"thin-font uppercase\">FAST LIVE SWITCHING<\/h3>\n<p>In case of an emergency, the Backup 4 switches allow fast and easy switching between the main and backup controls thanks to the large switch. There is no need to reconnect cables and work can be resumed within a few seconds on the backup system.<\/p>\n  <\/div>\n  <\/div>\n\n  \n<\/div><\/div>\n<div class=\"small-12    large-6  columns   \"  ><div class=\"column-inner\"  >\n\n  <div class=\"featured-box  pos-left  \" title=\"\"  style=\"padding-left:79px;\">\n  <div class=\"box-inner\">\n    <div  class=\"featured-img  \"  style=\"width:64px;max-height:64px; \"><img src=\"https:\/\/www.arcus-lighting.com\/wp-content\/uploads\/2016\/02\/Backup4-Icon-No-Signal-Interference.png\" alt=\"\" style=\"width:100%;\"><\/div><!-- end icon -->        <h4> <span> <\/span><\/h4>\n        <h3 class=\"thin-font uppercase\">NO SIGNAL IMPACT<\/h3>\n<p>The Backup 4 switches guarantee a metrologically neutral live circuit. This is achieved through targeted electromagnetic shielding and a 100% passive construction. Together with complex measurements, it can be ensured that signals from the main or backup controller are in no way influenced.<\/p>\n  <\/div>\n  <\/div>\n\n  \n<\/div><\/div>\n<\/div>\n  \n\t<div  class=\"row container \">\n<div class=\"small-12    large-6  columns   \"  ><div class=\"column-inner\"  >\n\n  <div class=\"featured-box  pos-left  \" title=\"\"  style=\"padding-left:79px;\">\n  <div class=\"box-inner\">\n    <div  class=\"featured-img  \"  style=\"width:64px;max-height:64px; \"><img src=\"https:\/\/www.arcus-lighting.com\/wp-content\/uploads\/2016\/02\/Backup4-Icon-Extremely-High-Resilient.png\" alt=\"\" style=\"width:100%;\"><\/div><!-- end icon -->        <h4> <span> <\/span><\/h4>\n        <h3 class=\"thin-font uppercase\">EXTREMELY HIGH PROTECTION<\/h3>\n<p>The completely off-grid and robust design of the Backup 4 switches provides outstanding fail-safety, which cannot be achieved by active solutions with their additional sources of error.<\/p>\n  <\/div>\n  <\/div>\n\n  \n<\/div><\/div>\n<div class=\"small-12    large-6  columns   \"  ><div class=\"column-inner\"  >\n\n  <div class=\"featured-box  pos-left  \" title=\"\"  style=\"padding-left:79px;\">\n  <div class=\"box-inner\">\n    <div  class=\"featured-img  \"  style=\"width:64px;max-height:64px; \"><img src=\"https:\/\/www.arcus-lighting.com\/wp-content\/uploads\/2016\/02\/Backup4-Icon-High-Quality.png\" alt=\"\" style=\"width:100%;\"><\/div><!-- end icon -->        <h4> <span> <\/span><\/h4>\n        <h3 class=\"thin-font uppercase\">HIGH QUALITY MATERIALS<\/h3>\n<p>The Backup 4 switches are made from a high-quality, anodised 2U 19&#8243; rack mount enclosure, made from the highest quality aluminum in Germany.<\/p>\n  <\/div>\n  <\/div>\n\n  \n<\/div><\/div>\n<\/div>\n  \n<div style=\"display:block;height:2em\" class=\"clearfix\"><\/div>\n<\/div>\n      \n        <\/section><!-- .ux-section -->\n\n  \n<div class=\"message-box dark\" style=\"background-image:url();background-color:#005B72!important\"><div class=\"row\"><div class=\"large-12 columns\"><div class=\"inner\"><a href=\"http:\/\/www.arcus-lighting.com\/kategorie\/backup-4\/\" class=\"button medium white\" >view catalogue<\/a>\n<\/div><\/div><\/div><\/div><!-- .message-box -->\n\n     \n     <section  class=\"ux-section\" style=\"padding:30px 0;margin-bottom:0px!important;\">  \n      \n      \n     <div class=\"ux-section-content\">\n\t<div  class=\"row container \">\n<div class=\"small-12    large-12  columns   \"  ><div class=\"column-inner\"  >\n<h2 class=\"uppercase thin-font\" style=\"text-align: left;\"><strong>SAFE<\/strong>\u00a0&#8211; IN EVERY SHOW<\/h2>\n<div style=\"display:block;height:1em\" class=\"clearfix\"><\/div>\n<p><img decoding=\"async\" loading=\"lazy\" class=\"aligncenter wp-image-4170 size-full\" src=\"http:\/\/www.arcus-lighting.com\/wp-content\/uploads\/2016\/02\/Backup4-Connections.jpg\" alt=\"\" width=\"1000\" height=\"180\" srcset=\"https:\/\/www.arcus-lighting.com\/wp-content\/uploads\/2016\/02\/Backup4-Connections.jpg 1000w, https:\/\/www.arcus-lighting.com\/wp-content\/uploads\/2016\/02\/Backup4-Connections-800x144.jpg 800w, https:\/\/www.arcus-lighting.com\/wp-content\/uploads\/2016\/02\/Backup4-Connections-768x138.jpg 768w\" sizes=\"(max-width: 1000px) 100vw, 1000px\" \/><\/p>\n<\/div><\/div>\n<div class=\"small-12    large-6  columns   \"  ><div class=\"column-inner\"  >\n\n  <div class=\"featured-box  pos-left  \" title=\"\"  style=\"padding-left:79px;\">\n  <div class=\"box-inner\">\n    <div  class=\"featured-img  \"  style=\"width:64px;max-height:64px; \"><img src=\"https:\/\/www.arcus-lighting.com\/wp-content\/uploads\/2016\/02\/Backup4-Connections-Icons-DMX.png\" alt=\"\" style=\"width:100%;\"><\/div><!-- end icon -->        <h4> <span> <\/span><\/h4>\n        <h3 class=\"thin-font\">DMX Channels<\/h3>\n<p>Mechanical switching depending on the version of 4 or 8, 5-pin DMX channels.<\/p>\n<p class=\"uppercase\">INPUTS<\/p>\n<ul>\n<li>Main: 4x or 8x DMX connectors<\/li>\n<li>Backup: 4x or 8x DMX connectors<\/li>\n<\/ul>\n<p class=\"uppercase\">Outputs<\/p>\n<ul>\n<li>Output: 4x or 8x DMX sockets<\/li>\n<\/ul>\n<p>The switches are compatible with RDM.<\/p>\n  <\/div>\n  <\/div>\n\n  \n<\/div><\/div>\n<div class=\"small-12    large-6  columns   \"  ><div class=\"column-inner\"  >\n\n  <div class=\"featured-box  pos-left  \" title=\"\"  style=\"padding-left:79px;\">\n  <div class=\"box-inner\">\n    <div  class=\"featured-img  \"  style=\"width:64px;max-height:64px; \"><img src=\"https:\/\/www.arcus-lighting.com\/wp-content\/uploads\/2016\/02\/Backup4-Connections-Icons-Ethernet.png\" alt=\"\" style=\"width:100%;\"><\/div><!-- end icon -->        <h4> <span> <\/span><\/h4>\n        <h3 class=\"thin-font\">Ethernet<\/h3>\n<p>Mechanical switching of Ethernet optional in the &#8220;N&#8221; version.<\/p>\n<p class=\"uppercase\">INPUTS<\/p>\n<ul>\n<li>Main: 1x Ethercon Neutrik network socket<\/li>\n<li>Backup: 1x Ethercon Neutrik network socket<\/li>\n<\/ul>\n<p class=\"uppercase\">Outputs<\/p>\n<ul>\n<li>Output: 1x Ethercon Neutrik network socket<\/li>\n<\/ul>\n<p>The switches are tested to the network standard Cat5e and are fully certified. In addition, all common network protocols, especially Art-Net, sACN (E1.2.1), Hog-Net, MA-Net &amp; MA2-Net, are supported.<\/p>\n  <\/div>\n  <\/div>\n\n  \n<\/div><\/div>\n<\/div>\n  \n<\/div>\n      \n        <\/section><!-- .ux-section -->\n\n  \n\n     \n     <section  class=\"ux-section dark\" style=\"background-color:#1a1a1a!important;padding:30px 0;margin-bottom:0px!important;\">  \n      \n      \n     <div class=\"ux-section-content\">\n\t<div  class=\"row container \">\n<div class=\"small-12    large-12  columns   \"  ><div class=\"column-inner\"  >\n<h2 class=\"thin-font uppercase\">Example<\/h2>\n<p><img decoding=\"async\" loading=\"lazy\" class=\"aligncenter wp-image-4171 size-full\" src=\"http:\/\/www.arcus-lighting.com\/wp-content\/uploads\/2016\/02\/Backup4-Application.jpg\" alt=\"\" width=\"1000\" height=\"468\" srcset=\"https:\/\/www.arcus-lighting.com\/wp-content\/uploads\/2016\/02\/Backup4-Application.jpg 1000w, https:\/\/www.arcus-lighting.com\/wp-content\/uploads\/2016\/02\/Backup4-Application-800x374.jpg 800w, https:\/\/www.arcus-lighting.com\/wp-content\/uploads\/2016\/02\/Backup4-Application-768x359.jpg 768w\" sizes=\"(max-width: 1000px) 100vw, 1000px\" \/><\/p>\n<\/div><\/div>\n<div class=\"small-12    large-12  columns   \"  ><div class=\"column-inner\"  >\n<h2 class=\"uppercase thin-font\">Other application examples<\/h2>\n<p>The Backup 4 family is not limited to switching between a main and a backup system, but can be used in a very versatile way. The following additional applications are possible, for example:<\/p>\n<ul>\n<li>Switching DMX and Art-Net signals between consoles of different manufacturers<\/li>\n<li>Switching network signals from a console to DMX output devices<\/li>\n<li>Switching over all common network protocols, e.g. Art-Net, Hog-Net, sACN (E1.2.1), MA-Net and MA2-Net.<\/li>\n<\/ul>\n<\/div><\/div>\n<\/div>\n  \n<\/div>\n      \n        <\/section><!-- .ux-section -->\n\n  \n\n     \n     <section  class=\"ux-section\" style=\"background-color:#fff!important;padding:30px 0;margin-bottom:0px!important;\">  \n      \n      \n     <div class=\"ux-section-content\">\n\t<div  class=\"row container \">\n<div class=\"small-12    large-12  columns   \"  ><div class=\"column-inner\"  >\n<h2 class=\"uppercase thin-font\" style=\"text-align: left;\">Available Backup 4 Switches<\/h2>\n<\/div><\/div>\n<div class=\"small-12    large-6  columns   \"  ><div class=\"column-inner\"  >\n<h3><a href=\"http:\/\/www.arcus-lighting.com\/produkt\/rs-4000n-rs-4000\/\"><img decoding=\"async\" loading=\"lazy\" class=\"aligncenter size-full wp-image-4178\" src=\"http:\/\/www.arcus-lighting.com\/wp-content\/uploads\/2016\/02\/Backup4-RS4000N.jpeg\" alt=\"Backup4-RS4000N\" width=\"720\" height=\"314\" \/><\/a><\/h3>\n<h3 class=\"thin-font\" style=\"text-align: center;\"><a href=\"http:\/\/www.arcus-lighting.com\/produkt\/rs-4000n-rs-4000\/\">RS 4000N \/ RS 4000<\/a><\/h3>\n<\/div><\/div>\n<div class=\"small-12    large-6  columns   \"  ><div class=\"column-inner\"  >\n<h3><a href=\"http:\/\/www.arcus-lighting.com\/produkt\/rs-8000n-rs-8000\/\"><img decoding=\"async\" loading=\"lazy\" class=\"aligncenter wp-image-4179 size-full\" src=\"http:\/\/www.arcus-lighting.com\/wp-content\/uploads\/2016\/02\/Backup4-RS8000N.jpeg\" alt=\"\" width=\"720\" height=\"314\" \/><\/a><\/h3>\n<h3 class=\"thin-font\" style=\"text-align: center;\"><a href=\"http:\/\/www.arcus-lighting.com\/produkt\/rs-8000n-rs-8000\/\">RS 8000 \/ RS8000N<\/a><\/h3>\n<\/div><\/div>\n<\/div>\n  \n<\/div>\n      \n        <\/section><!-- .ux-section -->","protected":false},"excerpt":{"rendered":"","protected":false},"author":1,"featured_media":0,"parent":0,"menu_order":0,"comment_status":"closed","ping_status":"closed","template":"page-transparent-header-light.php","meta":[],"yoast_head":"<!-- This site is optimized with the Yoast SEO plugin v20.0 - https:\/\/yoast.com\/wordpress\/plugins\/seo\/ -->\n<title>Backup 4 | Arcus Licht- und Pr\u00e4sentationstechnik<\/title>\n<meta name=\"description\" content=\"Die Backup 4 Switches erm\u00f6glichen das zuverl\u00e4ssige Umschalten von einem Haupt- auf ein Backup-System.\" \/>\n<meta name=\"robots\" content=\"index, follow, max-snippet:-1, max-image-preview:large, max-video-preview:-1\" \/>\n<link rel=\"canonical\" href=\"https:\/\/www.arcus-lighting.com\/de\/backup-4\/\" \/>\n<meta property=\"og:locale\" content=\"en_US\" \/>\n<meta property=\"og:type\" content=\"article\" \/>\n<meta property=\"og:title\" content=\"[:de]Backup 4[:en]Backup 4 | Arcus Licht- und Pr\u00e4sentationstechnik\" \/>\n<meta property=\"og:description\" content=\"Die Backup 4 Switches erm\u00f6glichen das zuverl\u00e4ssige Umschalten von einem Haupt- auf ein Backup-System.\" \/>\n<meta property=\"og:url\" content=\"https:\/\/www.arcus-lighting.com\/de\/backup-4\/\" \/>\n<meta property=\"og:site_name\" content=\"Arcus Licht- und Pr\u00e4sentationstechnik\" \/>\n<meta property=\"article:modified_time\" content=\"2018-05-08T12:00:28+00:00\" \/>\n<meta property=\"og:image\" content=\"http:\/\/www.arcus-lighting.com\/wp-content\/uploads\/2016\/02\/Backup4-Connections.jpg\" \/>\n<meta name=\"twitter:label1\" content=\"Est. reading time\" \/>\n\t<meta name=\"twitter:data1\" content=\"6 minutes\" \/>\n<script type=\"application\/ld+json\" class=\"yoast-schema-graph\">{\"@context\":\"https:\/\/schema.org\",\"@graph\":[{\"@type\":\"WebPage\",\"@id\":\"https:\/\/www.arcus-lighting.com\/de\/backup-4\/\",\"url\":\"https:\/\/www.arcus-lighting.com\/de\/backup-4\/\",\"name\":\"[:de]Backup 4[:en]Backup 4 | Arcus Licht- und Pr\u00e4sentationstechnik\",\"isPartOf\":{\"@id\":\"https:\/\/www.arcus-lighting.com\/de\/#website\"},\"datePublished\":\"2016-02-17T10:35:01+00:00\",\"dateModified\":\"2018-05-08T12:00:28+00:00\",\"description\":\"Die Backup 4 Switches erm\u00f6glichen das zuverl\u00e4ssige Umschalten von einem Haupt- auf ein Backup-System.\",\"breadcrumb\":{\"@id\":\"https:\/\/www.arcus-lighting.com\/de\/backup-4\/#breadcrumb\"},\"inLanguage\":\"en-US\",\"potentialAction\":[{\"@type\":\"ReadAction\",\"target\":[\"https:\/\/www.arcus-lighting.com\/de\/backup-4\/\"]}]},{\"@type\":\"BreadcrumbList\",\"@id\":\"https:\/\/www.arcus-lighting.com\/de\/backup-4\/#breadcrumb\",\"itemListElement\":[{\"@type\":\"ListItem\",\"position\":1,\"name\":\"Home\",\"item\":\"https:\/\/www.arcus-lighting.com\/\"},{\"@type\":\"ListItem\",\"position\":2,\"name\":\"Backup 4\"}]},{\"@type\":\"WebSite\",\"@id\":\"https:\/\/www.arcus-lighting.com\/de\/#website\",\"url\":\"https:\/\/www.arcus-lighting.com\/de\/\",\"name\":\"Arcus Licht- und Pr\u00e4sentationstechnik\",\"description\":\"\",\"potentialAction\":[{\"@type\":\"SearchAction\",\"target\":{\"@type\":\"EntryPoint\",\"urlTemplate\":\"https:\/\/www.arcus-lighting.com\/de\/?s={search_term_string}\"},\"query-input\":\"required name=search_term_string\"}],\"inLanguage\":\"en-US\"}]}<\/script>\n<!-- \/ Yoast SEO plugin. -->","yoast_head_json":{"title":"[:de]Backup 4[:en]Backup 4 | Arcus Licht- und Pr\u00e4sentationstechnik","description":"Die Backup 4 Switches erm\u00f6glichen das zuverl\u00e4ssige Umschalten von einem Haupt- auf ein Backup-System.","robots":{"index":"index","follow":"follow","max-snippet":"max-snippet:-1","max-image-preview":"max-image-preview:large","max-video-preview":"max-video-preview:-1"},"canonical":"https:\/\/www.arcus-lighting.com\/de\/backup-4\/","og_locale":"en_US","og_type":"article","og_title":"[:de]Backup 4[:en]Backup 4 | Arcus Licht- und Pr\u00e4sentationstechnik","og_description":"Die Backup 4 Switches erm\u00f6glichen das zuverl\u00e4ssige Umschalten von einem Haupt- auf ein Backup-System.","og_url":"https:\/\/www.arcus-lighting.com\/de\/backup-4\/","og_site_name":"Arcus Licht- und Pr\u00e4sentationstechnik","article_modified_time":"2018-05-08T12:00:28+00:00","og_image":[{"url":"http:\/\/www.arcus-lighting.com\/wp-content\/uploads\/2016\/02\/Backup4-Connections.jpg"}],"twitter_misc":{"Est. reading time":"6 minutes"},"schema":{"@context":"https:\/\/schema.org","@graph":[{"@type":"WebPage","@id":"https:\/\/www.arcus-lighting.com\/de\/backup-4\/","url":"https:\/\/www.arcus-lighting.com\/de\/backup-4\/","name":"[:de]Backup 4[:en]Backup 4 | Arcus Licht- und Pr\u00e4sentationstechnik","isPartOf":{"@id":"https:\/\/www.arcus-lighting.com\/de\/#website"},"datePublished":"2016-02-17T10:35:01+00:00","dateModified":"2018-05-08T12:00:28+00:00","description":"Die Backup 4 Switches erm\u00f6glichen das zuverl\u00e4ssige Umschalten von einem Haupt- auf ein Backup-System.","breadcrumb":{"@id":"https:\/\/www.arcus-lighting.com\/de\/backup-4\/#breadcrumb"},"inLanguage":"en-US","potentialAction":[{"@type":"ReadAction","target":["https:\/\/www.arcus-lighting.com\/de\/backup-4\/"]}]},{"@type":"BreadcrumbList","@id":"https:\/\/www.arcus-lighting.com\/de\/backup-4\/#breadcrumb","itemListElement":[{"@type":"ListItem","position":1,"name":"Home","item":"https:\/\/www.arcus-lighting.com\/"},{"@type":"ListItem","position":2,"name":"Backup 4"}]},{"@type":"WebSite","@id":"https:\/\/www.arcus-lighting.com\/de\/#website","url":"https:\/\/www.arcus-lighting.com\/de\/","name":"Arcus Licht- und Pr\u00e4sentationstechnik","description":"","potentialAction":[{"@type":"SearchAction","target":{"@type":"EntryPoint","urlTemplate":"https:\/\/www.arcus-lighting.com\/de\/?s={search_term_string}"},"query-input":"required name=search_term_string"}],"inLanguage":"en-US"}]}},"_links":{"self":[{"href":"https:\/\/www.arcus-lighting.com\/en\/wp-json\/wp\/v2\/pages\/1172"}],"collection":[{"href":"https:\/\/www.arcus-lighting.com\/en\/wp-json\/wp\/v2\/pages"}],"about":[{"href":"https:\/\/www.arcus-lighting.com\/en\/wp-json\/wp\/v2\/types\/page"}],"author":[{"embeddable":true,"href":"https:\/\/www.arcus-lighting.com\/en\/wp-json\/wp\/v2\/users\/1"}],"replies":[{"embeddable":true,"href":"https:\/\/www.arcus-lighting.com\/en\/wp-json\/wp\/v2\/comments?post=1172"}],"version-history":[{"count":5,"href":"https:\/\/www.arcus-lighting.com\/en\/wp-json\/wp\/v2\/pages\/1172\/revisions"}],"predecessor-version":[{"id":6349,"href":"https:\/\/www.arcus-lighting.com\/en\/wp-json\/wp\/v2\/pages\/1172\/revisions\/6349"}],"wp:attachment":[{"href":"https:\/\/www.arcus-lighting.com\/en\/wp-json\/wp\/v2\/media?parent=1172"}],"curies":[{"name":"wp","href":"https:\/\/api.w.org\/{rel}","templated":true}]}}