{"id":5988,"date":"2016-04-15T19:27:44","date_gmt":"2016-04-15T17:27:44","guid":{"rendered":"http:\/\/www.arcus-lighting.com\/?page_id=5988"},"modified":"2016-04-15T19:30:12","modified_gmt":"2016-04-15T17:30:12","slug":"haftungsausschluss","status":"publish","type":"page","link":"https:\/\/www.arcus-lighting.com\/de\/haftungsausschluss\/","title":{"rendered":"Haftungsausschluss"},"content":{"rendered":"<h1>Haftungsausschluss (Disclaimer)<\/h1>\n<p><strong>Haftung f\u00fcr Inhalte<\/strong><\/p>\n<p>Als Diensteanbieter sind wir gem\u00e4\u00df \u00a7 7 Abs.1 TMG f\u00fcr eigene Inhalte auf diesen Seiten nach den allgemeinen Gesetzen verantwortlich. Nach \u00a7\u00a7 8 bis 10 TMG sind wir als Diensteanbieter jedoch nicht verpflichtet, \u00fcbermittelte oder gespeicherte fremde Informationen zu \u00fcberwachen oder nach Umst\u00e4nden zu forschen, die auf eine rechtswidrige T\u00e4tigkeit hinweisen. Verpflichtungen zur Entfernung oder Sperrung der Nutzung von Informationen nach den allgemeinen Gesetzen bleiben hiervon unber\u00fchrt. Eine diesbez\u00fcgliche Haftung ist jedoch erst ab dem Zeitpunkt der Kenntnis einer konkreten Rechtsverletzung m\u00f6glich. Bei Bekanntwerden von entsprechenden Rechtsverletzungen werden wir diese Inhalte umgehend entfernen.<\/p>\n<p><strong>Haftung f\u00fcr Links<\/strong><\/p>\n<p>Unser Angebot enth\u00e4lt Links zu externen Webseiten Dritter, auf deren Inhalte wir keinen Einfluss haben. Deshalb k\u00f6nnen wir f\u00fcr diese fremden Inhalte auch keine Gew\u00e4hr \u00fcbernehmen. F\u00fcr die Inhalte der verlinkten Seiten ist stets der jeweilige Anbieter oder Betreiber der Seiten verantwortlich. Die verlinkten Seiten wurden zum Zeitpunkt der Verlinkung auf m\u00f6gliche Rechtsverst\u00f6\u00dfe \u00fcberpr\u00fcft. Rechtswidrige Inhalte waren zum Zeitpunkt der Verlinkung nicht erkennbar. Eine permanente inhaltliche Kontrolle der verlinkten Seiten ist jedoch ohne konkrete Anhaltspunkte einer Rechtsverletzung nicht zumutbar. Bei Bekanntwerden von Rechtsverletzungen werden wir derartige Links umgehend entfernen.<\/p>\n<p><strong>Urheberrecht<\/strong><\/p>\n<p>Die durch die Seitenbetreiber erstellten Inhalte und Werke auf diesen Seiten unterliegen dem deutschen Urheberrecht. Die Vervielf\u00e4ltigung, Bearbeitung, Verbreitung und jede Art der Verwertung au\u00dferhalb der Grenzen des Urheberrechtes bed\u00fcrfen der schriftlichen Zustimmung des jeweiligen Autors bzw. Erstellers. Downloads und Kopien dieser Seite sind nur f\u00fcr den privaten, nicht kommerziellen Gebrauch gestattet. Soweit die Inhalte auf dieser Seite nicht vom Betreiber erstellt wurden, werden die Urheberrechte Dritter beachtet. Insbesondere werden Inhalte Dritter als solche gekennzeichnet. Sollten Sie trotzdem auf eine Urheberrechtsverletzung aufmerksam werden, bitten wir um einen entsprechenden Hinweis. Bei Bekanntwerden von Rechtsverletzungen werden wir derartige Inhalte umgehend entfernen.<\/p>\n<p>Some of the Photos and Icons on this website are licensed under a Creative-Common Attribution 2.0 Generic License. It is attributed to the following authors:<br \/>\nIcons<br \/>\n<a href=\"http:\/\/www.freepik.com\">Designed by Freepik<\/a><\/p>\n<p>Photos<\/p>\n<table width=\"620\">\n<tbody>\n<tr>\n<td width=\"620\">Yadda Yadda Yadda \u2013 The Plenary Speech by Andrew Stawarz is licensed under (CC BY-ND 2.0)<\/td>\n<\/tr>\n<tr>\n<td>Atlantic Night Club Dima Kolyadenko and Theresa Frank show October 25 2013 http:\/\/atlantic-club.com.ua by Andrey Desyatov is licensed under (CC BY 2.0)<\/td>\n<\/tr>\n<tr>\n<td>Atlantic Night Club Dima Kolyadenko and Theresa Frank show October 25 2013 http:\/\/atlantic-club.com.ua by Andrey Desyatov is licensed under (CC BY 2.0)<\/td>\n<\/tr>\n<tr>\n<td>Atlantic Night Club Dima Kolyadenko and Theresa Frank show October 25 2013 http:\/\/atlantic-club.com.ua by Andrey Desyatov is licensed under (CC BY 2.0)<\/td>\n<\/tr>\n<tr>\n<td>Atlantic Night Club Dima Kolyadenko and Theresa Frank show October 25 2013 http:\/\/atlantic-club.com.ua by Andrey Desyatov is licensed under (CC BY 2.0)<\/td>\n<\/tr>\n<tr>\n<td>Mike Farrar Keynote Day 1 by NHS Confederation is licensed under (CC BY 2.0)<\/td>\n<\/tr>\n<tr>\n<td>Love the lighting of the duty free shop sign in CM airport! by shankar s. is licensed under (CC BY 2.0)<\/td>\n<\/tr>\n<tr>\n<td>Mexico \u2013 South Africa Match at Soccer City by Celso FLORES is licensed under (CC BY 2.0)<\/td>\n<\/tr>\n<tr>\n<td>Public Viewing WM am Miramar Schlossberg by gravitat-OFF is licensed under (CC BY-SA 2.0)<\/td>\n<\/tr>\n<tr>\n<td>Public Viewing at Munich Airport by Schnella Schnyder Folgen is licensed under (CC BY-SA 2.0)<\/td>\n<\/tr>\n<tr>\n<td>Vorstellung der deutschen Mannschaft! By Ute K\u00f6hler is licensed under (CC BY-SA 2.0)<\/td>\n<\/tr>\n<tr>\n<td>Public Viewing Rio de Janeiro by WM 2014 is licensed under (CC BY-SA 2.0)<\/td>\n<\/tr>\n<tr>\n<td>Fernando Muslera | Uruguay 4 \u2013 Chile 0 | 111111-3454-jikatu by Jimmy Baikovicius is licensed under (CC BY-SA 2.0)<\/td>\n<\/tr>\n<\/tbody>\n<\/table>\n","protected":false},"excerpt":{"rendered":"<p>Haftungsausschluss (Disclaimer) Haftung f\u00fcr Inhalte Als Diensteanbieter sind wir gem\u00e4\u00df \u00a7 7 Abs.1 TMG f\u00fcr eigene Inhalte auf diesen Seiten nach den allgemeinen Gesetzen verantwortlich. Nach \u00a7\u00a7 8 bis 10 TMG sind wir als Diensteanbieter jedoch nicht verpflichtet, \u00fcbermittelte oder gespeicherte fremde Informationen zu \u00fcberwachen oder nach Umst\u00e4nden zu forschen, die auf eine rechtswidrige T\u00e4tigkeit [&hellip;]\n","protected":false},"author":1,"featured_media":0,"parent":0,"menu_order":0,"comment_status":"closed","ping_status":"closed","template":"page-blank-container.php","meta":[],"yoast_head":"<!-- This site is optimized with the Yoast SEO plugin v20.0 - https:\/\/yoast.com\/wordpress\/plugins\/seo\/ -->\n<title>Haftungsausschluss | Arcus Licht- und Pr\u00e4sentationstechnik<\/title>\n<meta name=\"description\" content=\"Informationen \u00fcber den Haftungsausschluss der Arcus Licht- und Pr\u00e4sentationstechnik GmbH\" \/>\n<meta name=\"robots\" content=\"noindex, nofollow\" \/>\n<meta property=\"og:locale\" content=\"de_DE\" \/>\n<meta property=\"og:type\" content=\"article\" \/>\n<meta property=\"og:title\" content=\"Haftungsausschluss | Arcus Licht- und Pr\u00e4sentationstechnik\" \/>\n<meta property=\"og:description\" content=\"Informationen \u00fcber den Haftungsausschluss der Arcus Licht- und Pr\u00e4sentationstechnik GmbH\" \/>\n<meta property=\"og:url\" content=\"https:\/\/www.arcus-lighting.com\/de\/haftungsausschluss\/\" \/>\n<meta property=\"og:site_name\" content=\"Arcus Licht- und Pr\u00e4sentationstechnik\" \/>\n<meta property=\"article:modified_time\" content=\"2016-04-15T17:30:12+00:00\" \/>\n<meta name=\"twitter:label1\" content=\"Gesch\u00e4tzte Lesezeit\" \/>\n\t<meta name=\"twitter:data1\" content=\"3\u00a0Minuten\" \/>\n<script type=\"application\/ld+json\" class=\"yoast-schema-graph\">{\"@context\":\"https:\/\/schema.org\",\"@graph\":[{\"@type\":\"WebPage\",\"@id\":\"https:\/\/www.arcus-lighting.com\/de\/haftungsausschluss\/\",\"url\":\"https:\/\/www.arcus-lighting.com\/de\/haftungsausschluss\/\",\"name\":\"Haftungsausschluss | Arcus Licht- und Pr\u00e4sentationstechnik\",\"isPartOf\":{\"@id\":\"https:\/\/www.arcus-lighting.com\/de\/#website\"},\"datePublished\":\"2016-04-15T17:27:44+00:00\",\"dateModified\":\"2016-04-15T17:30:12+00:00\",\"description\":\"Informationen \u00fcber den Haftungsausschluss der Arcus Licht- und Pr\u00e4sentationstechnik GmbH\",\"breadcrumb\":{\"@id\":\"https:\/\/www.arcus-lighting.com\/de\/haftungsausschluss\/#breadcrumb\"},\"inLanguage\":\"de\",\"potentialAction\":[{\"@type\":\"ReadAction\",\"target\":[\"https:\/\/www.arcus-lighting.com\/de\/haftungsausschluss\/\"]}]},{\"@type\":\"BreadcrumbList\",\"@id\":\"https:\/\/www.arcus-lighting.com\/de\/haftungsausschluss\/#breadcrumb\",\"itemListElement\":[{\"@type\":\"ListItem\",\"position\":1,\"name\":\"Home\",\"item\":\"https:\/\/www.arcus-lighting.com\/\"},{\"@type\":\"ListItem\",\"position\":2,\"name\":\"Haftungsausschluss\"}]},{\"@type\":\"WebSite\",\"@id\":\"https:\/\/www.arcus-lighting.com\/de\/#website\",\"url\":\"https:\/\/www.arcus-lighting.com\/de\/\",\"name\":\"Arcus Licht- und Pr\u00e4sentationstechnik\",\"description\":\"\",\"potentialAction\":[{\"@type\":\"SearchAction\",\"target\":{\"@type\":\"EntryPoint\",\"urlTemplate\":\"https:\/\/www.arcus-lighting.com\/de\/?s={search_term_string}\"},\"query-input\":\"required name=search_term_string\"}],\"inLanguage\":\"de\"}]}<\/script>\n<!-- \/ Yoast SEO plugin. -->","yoast_head_json":{"title":"Haftungsausschluss | Arcus Licht- und Pr\u00e4sentationstechnik","description":"Informationen \u00fcber den Haftungsausschluss der Arcus Licht- und Pr\u00e4sentationstechnik GmbH","robots":{"index":"noindex","follow":"nofollow"},"og_locale":"de_DE","og_type":"article","og_title":"Haftungsausschluss | Arcus Licht- und Pr\u00e4sentationstechnik","og_description":"Informationen \u00fcber den Haftungsausschluss der Arcus Licht- und Pr\u00e4sentationstechnik GmbH","og_url":"https:\/\/www.arcus-lighting.com\/de\/haftungsausschluss\/","og_site_name":"Arcus Licht- und Pr\u00e4sentationstechnik","article_modified_time":"2016-04-15T17:30:12+00:00","twitter_misc":{"Gesch\u00e4tzte Lesezeit":"3\u00a0Minuten"},"schema":{"@context":"https:\/\/schema.org","@graph":[{"@type":"WebPage","@id":"https:\/\/www.arcus-lighting.com\/de\/haftungsausschluss\/","url":"https:\/\/www.arcus-lighting.com\/de\/haftungsausschluss\/","name":"Haftungsausschluss | Arcus Licht- und Pr\u00e4sentationstechnik","isPartOf":{"@id":"https:\/\/www.arcus-lighting.com\/de\/#website"},"datePublished":"2016-04-15T17:27:44+00:00","dateModified":"2016-04-15T17:30:12+00:00","description":"Informationen \u00fcber den Haftungsausschluss der Arcus Licht- und Pr\u00e4sentationstechnik GmbH","breadcrumb":{"@id":"https:\/\/www.arcus-lighting.com\/de\/haftungsausschluss\/#breadcrumb"},"inLanguage":"de","potentialAction":[{"@type":"ReadAction","target":["https:\/\/www.arcus-lighting.com\/de\/haftungsausschluss\/"]}]},{"@type":"BreadcrumbList","@id":"https:\/\/www.arcus-lighting.com\/de\/haftungsausschluss\/#breadcrumb","itemListElement":[{"@type":"ListItem","position":1,"name":"Home","item":"https:\/\/www.arcus-lighting.com\/"},{"@type":"ListItem","position":2,"name":"Haftungsausschluss"}]},{"@type":"WebSite","@id":"https:\/\/www.arcus-lighting.com\/de\/#website","url":"https:\/\/www.arcus-lighting.com\/de\/","name":"Arcus Licht- und Pr\u00e4sentationstechnik","description":"","potentialAction":[{"@type":"SearchAction","target":{"@type":"EntryPoint","urlTemplate":"https:\/\/www.arcus-lighting.com\/de\/?s={search_term_string}"},"query-input":"required name=search_term_string"}],"inLanguage":"de"}]}},"_links":{"self":[{"href":"https:\/\/www.arcus-lighting.com\/de\/wp-json\/wp\/v2\/pages\/5988"}],"collection":[{"href":"https:\/\/www.arcus-lighting.com\/de\/wp-json\/wp\/v2\/pages"}],"about":[{"href":"https:\/\/www.arcus-lighting.com\/de\/wp-json\/wp\/v2\/types\/page"}],"author":[{"embeddable":true,"href":"https:\/\/www.arcus-lighting.com\/de\/wp-json\/wp\/v2\/users\/1"}],"replies":[{"embeddable":true,"href":"https:\/\/www.arcus-lighting.com\/de\/wp-json\/wp\/v2\/comments?post=5988"}],"version-history":[{"count":1,"href":"https:\/\/www.arcus-lighting.com\/de\/wp-json\/wp\/v2\/pages\/5988\/revisions"}],"predecessor-version":[{"id":5989,"href":"https:\/\/www.arcus-lighting.com\/de\/wp-json\/wp\/v2\/pages\/5988\/revisions\/5989"}],"wp:attachment":[{"href":"https:\/\/www.arcus-lighting.com\/de\/wp-json\/wp\/v2\/media?parent=5988"}],"curies":[{"name":"wp","href":"https:\/\/api.w.org\/{rel}","templated":true}]}}