{"id":5539,"date":"2016-04-06T09:13:04","date_gmt":"2016-04-06T07:13:04","guid":{"rendered":"http:\/\/www.arcus-lighting.com\/?page_id=5539"},"modified":"2018-05-09T09:39:38","modified_gmt":"2018-05-09T07:39:38","slug":"led-screen-trailer","status":"publish","type":"page","link":"https:\/\/www.arcus-lighting.com\/de\/led-screen-trailer\/","title":{"rendered":"LED Screen Trailer"},"content":{"rendered":"<section  class=\"ux-section dark\" style=\"background-color:#1a1a1a!important;padding:0px 0;margin-bottom:0px!important;\">  \n      \n      \n     <div class=\"ux-section-content\">\n<div class=\"ux-img-container \"><img src=\"https:\/\/www.arcus-lighting.com\/wp-content\/uploads\/2016\/02\/LED-Screen-Trailer-Header-1600x700.jpg\" alt=\"\" title=\"\" style=\"bottom:-0px\"\/><\/div>\n\t<div  class=\"row container \">\n<div class=\"small-12    large-12  columns   \"  ><div class=\"column-inner\"  >\n<h1 class=\"thin-font h-large\">LED Screen Trailer<\/h1>\n<p>Entdecken Sie den LED Screen Trailer von Arcus. Nutzen Sie dieses mobile LED Display f\u00fcr Live\u00fcbertragungen und erschaffen Sie eine unbeschreibliche Atmosph\u00e4re bei Public Viewing, Festivals, Sportveranstaltungen und vielem mehr. Durch das vormontierte LED Display entf\u00e4llt eine aufwendige Errichtung von Traversen und der m\u00fchsame Zusammenbau des LED Displays aus einzelnen Panels.<\/p>\n<\/div><\/div>\n<div class=\"small-12    large-6  columns   \"  ><div class=\"column-inner\"  >\n\n  <div class=\"featured-box  pos-left  \" title=\"\"  style=\"padding-left:79px;\">\n  <div class=\"box-inner\">\n    <div  class=\"featured-img  \"  style=\"width:64px;max-height:64px; \"><img src=\"https:\/\/www.arcus-lighting.com\/wp-content\/uploads\/2016\/04\/LED-Screen-Trailer-Icon-Size.png\" alt=\"\" style=\"width:100%;\"><\/div><!-- end icon -->        <h4> <span> <\/span><\/h4>\n        <h3 class=\"thin-font\">Bis zu 21 qm LED Display auf 6,7 m<\/h3>\n<p>Der LED Screen Trailer hat eine Gesamtl\u00e4nge von ca. 7,5 m mit einer Plattformgr\u00f6\u00dfe von 6 x 2,1 m. Der Trailer kann auf eine H\u00f6he von bis zu 6,7 m ausgefahren werden und ein LED Display mit einer Gr\u00f6\u00dfe von bis zu 21 qm (6 x 3,5 m) befestigt werden.<\/p>\n  <\/div>\n  <\/div>\n\n  \n<\/div><\/div>\n<div class=\"small-12    large-6  columns   \"  ><div class=\"column-inner\"  >\n\n  <div class=\"featured-box  pos-left  \" title=\"\"  style=\"padding-left:79px;\">\n  <div class=\"box-inner\">\n    <div  class=\"featured-img  \"  style=\"width:64px;max-height:64px; \"><img src=\"https:\/\/www.arcus-lighting.com\/wp-content\/uploads\/2016\/04\/LED-Screen-Trailer-Icon-Equipment.png\" alt=\"\" style=\"width:100%;\"><\/div><!-- end icon -->        <h4> <span> <\/span><\/h4>\n        <h3 class=\"thin-font\">Stauraum<\/h3>\n<p>Insgesamt verf\u00fcgt der LED Screen Trailer \u00fcber 4 Stauf\u00e4cher &#8211; jeweils zwei im vorderen und hinteren Teil des Trailers. In zwei\u00a0Stauf\u00e4chern ist die Elektronik f\u00fcr das LED Display und die Steuerung f\u00fcr die Hydraulik untergebracht. Die beiden anderen F\u00e4cher stehen zur Ver\u00adstau\u00adung von zus\u00e4tzlichem Equipment zur Verf\u00fcgung.<\/p>\n  <\/div>\n  <\/div>\n\n  \n<\/div><\/div>\n<\/div>\n  \n\t<div  class=\"row container \">\n<div class=\"small-12    large-6  columns   \"  ><div class=\"column-inner\"  >\n\n  <div class=\"featured-box  pos-left  \" title=\"\"  style=\"padding-left:79px;\">\n  <div class=\"box-inner\">\n    <div  class=\"featured-img  \"  style=\"width:64px;max-height:64px; \"><img src=\"https:\/\/www.arcus-lighting.com\/wp-content\/uploads\/2016\/04\/LED-Screen-Trailer-Icon-Transport.png\" alt=\"\" style=\"width:100%;\"><\/div><!-- end icon -->        <h4> <span> <\/span><\/h4>\n        <h3 class=\"thin-font\">Transport<\/h3>\n<p>F\u00fcr den Transport muss das LED Display nicht in die einzelnen Panels zerlegt werden, sondern kann innerhalb k\u00fcrzester Zeit auf dem Trailer gesichert werden. Der erste Teil des LED Displays verbleibt an der Teleskopeinheit\u00a0und der zweite Teil wird im Ganzen an einer speziellen Halterung an der Seite des Trailers befestigt.<\/p>\n  <\/div>\n  <\/div>\n\n  \n<\/div><\/div>\n<div class=\"small-12    large-6  columns   \"  ><div class=\"column-inner\"  >\n\n  <div class=\"featured-box  pos-left  \" title=\"\"  style=\"padding-left:79px;\">\n  <div class=\"box-inner\">\n    <div  class=\"featured-img  \"  style=\"width:64px;max-height:64px; \"><img src=\"https:\/\/www.arcus-lighting.com\/wp-content\/uploads\/2016\/04\/LED-Screen-Trailer-Icon-Installation.png\" alt=\"\" style=\"width:100%;\"><\/div><!-- end icon -->        <h4> <span> <\/span><\/h4>\n        <h3 class=\"thin-font\">Aufbau<\/h3>\n<p>Die Lagerung des LED Display in den zwei Teilen erm\u00f6glicht eine schnelle Installation. Zum Aufbau muss lediglich die\u00a0Teleskopeinheit\u00a0ausgefahren werden, um 180\u00b0 gedreht und die zweite H\u00e4lfte der Wand angedockt werden. Anschlie\u00dfend wird das LED Display auf die richtige H\u00f6he gefahren und ausgerichtet, wobei eine volle Drehung um 360\u00b0 m\u00f6glich ist.<\/p>\n  <\/div>\n  <\/div>\n\n  \n<\/div><\/div>\n<\/div>\n  \n<div style=\"display:block;height:30px\" class=\"clearfix\"><\/div>\n<\/div>\n      \n        <\/section><!-- .ux-section -->\n\n  \n\n     \n     <section  class=\"ux-section\" style=\"padding:30px 0;margin-bottom:0px!important;\">  \n      \n      \n     <div class=\"ux-section-content\">\n\t<div  class=\"row container \">\n<div class=\"small-12    large-12  columns   \"  ><div class=\"column-inner\"  >\n<h2 class=\"thin-font\">Ausstattung<\/h2>\n<p>In der Standardausf\u00fchrung\u00a0des LED Screen Trailer erhalten\u00a0Sie einen hochwertigen und uneingeschr\u00e4nkt nutzbaren Trailer. Darauf aufbauend bieten wir eine Reihe optionaler Komfortausstattungen, die zus\u00e4tzliche Zeit und Arbeitskraft ersparen und zu dem den Bedienkomfort des Trailers steigern.<\/p>\n<\/div><\/div>\n<\/div>\n  \n\t<div  class=\"row container \">\n<div class=\"small-12    large-4  columns   \"  ><div class=\"column-inner\"  >\n<p><img decoding=\"async\" loading=\"lazy\" class=\"aligncenter size-full wp-image-5611\" src=\"http:\/\/www.arcus-lighting.com\/wp-content\/uploads\/2016\/04\/LED-Screen-Trailer-Moversystem-1.png\" alt=\"LED-Screen-Trailer-Moversystem\" width=\"400\" height=\"266\" \/><\/p>\n<\/div><\/div>\n<div class=\"small-12    large-8  columns   \"  ><div class=\"column-inner\"  >\n<h3 class=\"thin-font\">Moversystem<\/h3>\n<p>Mit dem optionalem Moversystem kann der Trailer zentimetergenau ausgerichtet werden. Dazu wird der Trailer in der N\u00e4he des endg\u00fcltigen Standortes abgekoppelt und 4 vollsynchronisierte Antriebselemente fahren auf Knopfdruck an die Reifen. Diese erm\u00f6glichen den LED Screen Trailer, mit Hilfe einer Infrarot-Fernbedienung pr\u00e4zise zu positionieren. Die Energieversorgung erfolgt dabei \u00fcber einen externen Akku, welcher ausreicht das Moversystem im Volllastbetrieb bis zu 15 min mit Energie zu versorgen.<\/p>\n<\/div><\/div>\n<\/div>\n  \n\t<div  class=\"row container \">\n<div class=\"small-12    large-4  columns   \"  ><div class=\"column-inner\"  >\n<p><img decoding=\"async\" loading=\"lazy\" class=\"aligncenter size-full wp-image-5630\" src=\"http:\/\/www.arcus-lighting.com\/wp-content\/uploads\/2016\/04\/LED-Screen-Trailer-Control.jpg\" alt=\"LED-Screen-Trailer-Control\" width=\"400\" height=\"500\" \/><\/p>\n<\/div><\/div>\n<div class=\"small-12    large-8  columns   \"  ><div class=\"column-inner\"  >\n<h3 class=\"thin-font\">Elektronische Drehkranzpositionierung &amp; Hydraulikansteuerung<\/h3>\n<p>In der Standardausf\u00fchrung\u00a0des LED Screen Trailer erfolgt die Positionierung des Drehkranzes manuell. Optional bieten wir eine elektronische Steuerung mittels einer kabelgebundenen Steuerflasche an. Dies bietet insbesondere beim Aufbau des LED Displays Vorteile, da beim Andocken des Displays dieses auf Millimeter genau ausgerichtet werden kann. Mit der elektronischen Steuerung k\u00f6nnen Sie durch eine stufenlose Regulierung der Geschwindigkeit pr\u00e4zise arbeiten.Die Fernbedienung erlaubt zudem ein freies Bewegen, sodass Sie problemlos auf dem Trailer die exakte Positionierung kontrollieren k\u00f6nnen. Dar\u00fcber hinaus\u00a0\u00a0wird durch die Steuerung der Drehkranz automatisch verriegelt, sodass eine manuelle Ver- und Entriegelung mit einem Bolzen entf\u00e4llt.<\/p>\n<p>Neben der elektronischen Drehkranzpositionierung ist es auch m\u00f6glich, die Hydraulikansteuerung zum Ein- und Ausfahren des LED Displays \u00fcber die Fernbedienung zu steuern. Standardm\u00e4\u00dfig erfolgt dies \u00fcber Hebel am Trailer. Die elektronische Steuerung erlaubt eine stufenlose Regulierung der Hubgeschwindigkeit und erm\u00f6glicht somit eine pr\u00e4zisere Steuerung mit erh\u00f6hter Flexibilit\u00e4t.<\/p>\n<\/div><\/div>\n<\/div>\n  \n\t<div  class=\"row container \">\n<div class=\"small-12    large-4  columns   \"  ><div class=\"column-inner\"  >\n<p><img decoding=\"async\" loading=\"lazy\" class=\"aligncenter size-full wp-image-5632\" src=\"http:\/\/www.arcus-lighting.com\/wp-content\/uploads\/2016\/04\/LED-Screen-Trailer-Rail.jpg\" alt=\"LED-Screen-Trailer-Rail\" width=\"400\" height=\"266\" \/><\/p>\n<\/div><\/div>\n<div class=\"small-12    large-8  columns   \"  ><div class=\"column-inner\"  >\n<h3 class=\"thin-font\">Airline Befestigungssystem<\/h3>\n<p>Optional wird am LED Screen Trailer ein robustes rundumlaufendes Airline Befestigungssystem montiert. Dies erm\u00f6glicht mit frei positionierbaren Ringbefestigungs\u00f6sen eine einfache Sicherung von zus\u00e4tzlichem Equipment.<\/p>\n<\/div><\/div>\n<\/div>\n  \n\t<div  class=\"row container \">\n<div class=\"small-12    large-4  columns   \"  ><div class=\"column-inner\"  >\n<h3><img decoding=\"async\" loading=\"lazy\" class=\"aligncenter size-full wp-image-5633\" src=\"http:\/\/www.arcus-lighting.com\/wp-content\/uploads\/2016\/04\/LED-Screen-Trailer-Channeled-Sheet.jpg\" alt=\"LED-Screen-Trailer-Channeled-Sheet\" width=\"400\" height=\"266\" \/><\/h3>\n<\/div><\/div>\n<div class=\"small-12    large-8  columns   \"  ><div class=\"column-inner\"  >\n<h3 class=\"thin-font\">Gummi Riffelblech<\/h3>\n<p>Standardm\u00e4\u00dfig wird der LED Screen Trailer mit einer Fahrzeugmultiplexplatte mit rutschhemmender Struktur und beidseitig wetterfester Siebdruckbeschichtung ausgestattet. Optional bieten wir eine zus\u00e4tzliche Beschichtung der Fahrzeugmultiplexplatte mit einem vollfl\u00e4chig verklebten, rutschfesten Gummi Riffelblech an. Dieses erh\u00f6ht die Sicherheit und verleiht dem Trailer zudem eine hochwertigere Optik.<\/p>\n<\/div><\/div>\n<\/div>\n  \n\t<div  class=\"row container \">\n<div class=\"small-12    large-4  columns   \"  ><div class=\"column-inner\"  >\n<p><img decoding=\"async\" loading=\"lazy\" class=\"aligncenter size-full wp-image-5650\" src=\"http:\/\/www.arcus-lighting.com\/wp-content\/uploads\/2016\/04\/LED-Screen-Trailer-Axis.jpg\" alt=\"LED-Screen-Trailer-Axis\" width=\"400\" height=\"266\" \/><\/p>\n<\/div><\/div>\n<div class=\"small-12    large-8  columns   \"  ><div class=\"column-inner\"  >\n<h3 class=\"thin-font\">Drehschubfederachse &amp; Windwarneinheit<\/h3>\n<p>In der Standardausf\u00fchrung\u00a0wird im LED Screen Trailer eine hochwertige Gummifederachse verbaut. Wenn Sie sehr hohe Anforderungen an den Einsatz des LED Screen Trailers haben, bieten wir optional die M\u00f6glichkeit eine Drehschubfederachse einzusetzen. Eine solche Achse ist speziell f\u00fcr die Anwendung von Trailern mit dauerhaften Belastungen ausgelegt und \u00fcberzeugt hierdurch mit einem geringeren Verschlei\u00df bei erh\u00f6hter Lebensdauer.<\/p>\n<p>Optional r\u00fcsten wir den Trailer mit einer Windwarneinheit inklusive Steuereinheit und Windgeschwindigkeitssensor aus.<\/p>\n<\/div><\/div>\n<\/div>\n  \n<\/div>\n      \n        <\/section><!-- .ux-section -->\n\n  \n\n     \n     <section id=\"core\" class=\"ux-section dark has-img has-img-right\" style=\"background-color:#1a1a1a!important;padding:60px 0;margin-bottom:0px!important;\">  \n      \n     <div class=\"ux-section-img right\" style=\"width:45%; background-image: url('http:\/\/www.arcus-lighting.com\/wp-content\/uploads\/2016\/04\/LED-Screen-Trailer-AirULTRA-Display.jpg');margin:60px 0;\"><img src=\"http:\/\/www.arcus-lighting.com\/wp-content\/uploads\/2016\/04\/LED-Screen-Trailer-AirULTRA-Display.jpg\"><\/div> \n     <div class=\"ux-section-content\">\n\t<div  class=\"row container \">\n<div class=\"small-12    large-6  columns   \"  ><div class=\"column-inner\"  >\n<h2 class=\"thin-font\">LED Display<\/h2>\n<p>Der LED Screen Trailer ist so konstruiert, dass LED Displays von unterschiedlichen Herstellern verwendet werden k\u00f6nnen und lediglich die Halterung f\u00fcr den Transport sonderangefertigt werden muss. Diese Anfertigung ist dabei selbstverst\u00e4ndlich bereits in der Standardausf\u00fchrung des LED Screen Trailers inklusive, unabh\u00e4ngig davon ob Sie ein LED Display von Arcus benutzen wollen.<\/p>\n<p>Optional bieten wir Ihnen jedoch die M\u00f6glichkeit, den Trailer zusammen mit einem passenden LED Display zu liefern. Unsere\u00a0Panels bieten daf\u00fcr die\u00a0perfekte Grundlage. Diese Panel erm\u00f6glichen\u00a0einen breiten Betrachtungswinkel mit einer erstklassigen Farbwiedergabe und \u00fcberzeugen mit Helligkeiten von bis zu 6500 Nits, sodass das LED Display selbst bei strahlendem Sonnenschein kr\u00e4ftige Bilder liefert.<\/p>\n<\/div><\/div>\n<div class=\"small-12    large-6  columns   \"  ><div class=\"column-inner\"  >\n<\/div><\/div>\n<\/div>\n  \n<\/div>\n      \n        <\/section><!-- .ux-section -->\n\n  \n\n     \n     <section  class=\"ux-section\" style=\"padding:30px 0;margin-bottom:0px!important;\">  \n      \n      \n     <div class=\"ux-section-content\">\n\t<div  class=\"row container \">\n<div class=\"small-12    large-12  columns   \"  ><div class=\"column-inner\"  >\n<h2 class=\"thin-font\">Verf\u00fcgbare LED Screen Trailer<\/h2>\n<p>Wir bieten den LED Screen Trailer in verschiedenen Varianten an, welche sich in der maximalen Gesamth\u00f6he von 5000 mm bzw. 6700 mm unterscheiden. In Deutschland wird f\u00fcr den LED Screen Trailer ab einer Gesamth\u00f6he von \u00fcber 5000 mm ein sogenanntes Baubuch vom T\u00dcV ben\u00f6tigt. Da dieses mit entsprechenden Kosten verbunden ist, bieten wir mit dem SP6700Pro einen LED Screen Trailer an, der technisch f\u00fcr eine Gesamth\u00f6he von 6700 mm ausgelegt ist. Dieser wird jedoch durch eine elektronische Begrenzung gesetzeskonform auf eine Gesamth\u00f6he von 5000 mm beschr\u00e4nkt. Nachtr\u00e4glich besteht die M\u00f6glichkeit, ein Baubuch auszustellen und die Beschr\u00e4nkung entfernen zu lassen.<div class=\"table-responsive\"><table  style=\"width:100%; \"  class=\"easy-table easy-table-default \" >\n<thead>\r\n<tr><th ><\/th>\n<th >SP5000<\/th>\n<th > SP6700<\/th>\n<th > SP6700Pro<\/th>\n<\/tr>\n<\/thead>\n<tbody>\r\n<tr><td >zul\u00e4ssiges Gesamtgewicht<\/td>\n<td > 3500 kg<\/td>\n<td > 3500 kg<\/td>\n<td > 3500 kg<\/td>\n<\/tr>\n\r\n<tr><td >Gewicht (ohne LED Display)<\/td>\n<td > ca. 1800 kg<\/td>\n<td > ca. 2300 kg<\/td>\n<td > ca. 2300 kg<\/td>\n<\/tr>\n\r\n<tr><td >Gesamtl\u00e4nge<\/td>\n<td > 7530 mm<\/td>\n<td > 7530 mm<\/td>\n<td > 7530 mm<\/td>\n<\/tr>\n\r\n<tr><td >Plattform<\/td>\n<td > 6000 x 2100 mm<\/td>\n<td > 6000 x 2100 mm<\/td>\n<td > 6000 x 2100 mm<\/td>\n<\/tr>\n\r\n<tr><td >Gesamth\u00f6he<\/td>\n<td > bis zu 5000 mm<\/td>\n<td > bis zu 6700 mm<\/td>\n<td > bis zu 5000 oder 6700 mm<\/td>\n<\/tr>\n\r\n<tr><td >LED Display<\/td>\n<td > bis zu 15 qm (5 x 3 m)<\/td>\n<td > bis zu 21 qm (6 x 3.5 m)<\/td>\n<td > bis zu 15 qm (5 x 3 m) oder 21 qm (6 x 3.5 m)<\/td>\n<\/tr>\n\r\n<tr><td >Baubuch (T\u00dcV) ben\u00f6tigt<\/td>\n<td > nein<\/td>\n<td > ja<\/td>\n<td >\u00a0bis zu 5000 mm nein; bis zu 6700 mm ja<\/td>\n<\/tr>\n<\/tbody><\/table><\/div>\n<\/div><\/div>\n<\/div>\n  \n<\/div>\n      \n        <\/section><!-- .ux-section -->\n\n  \n<div class=\"message-box dark\" style=\"background-image:url();background-color:#1994D2!important\"><div class=\"row\"><div class=\"large-12 columns\"><div class=\"inner\"><a href=\"http:\/\/www.arcus-lighting.com\/kontakt\/\" class=\"button  white alt-button\" >Angebot anfordern<\/a>\n<\/div><\/div><\/div><\/div><!-- .message-box -->","protected":false},"excerpt":{"rendered":"","protected":false},"author":1,"featured_media":0,"parent":0,"menu_order":0,"comment_status":"closed","ping_status":"closed","template":"page-blank.php","meta":[],"yoast_head":"<!-- This site is optimized with the Yoast SEO plugin v20.0 - https:\/\/yoast.com\/wordpress\/plugins\/seo\/ -->\n<title>LED Screen Trailer<\/title>\n<meta name=\"description\" content=\"Nutzen Sie den mobilen LED Screen Trailer f\u00fcr Live\u00fcbertragungen und erschaffen Sie eine unbeschreibliche Atmosph\u00e4re bei Public Viewing, Festivals, u.v.m.\" \/>\n<meta name=\"robots\" content=\"index, follow, max-snippet:-1, max-image-preview:large, max-video-preview:-1\" \/>\n<link rel=\"canonical\" href=\"https:\/\/www.arcus-lighting.com\/de\/led-screen-trailer\/\" \/>\n<meta property=\"og:locale\" content=\"de_DE\" \/>\n<meta property=\"og:type\" content=\"article\" \/>\n<meta property=\"og:title\" content=\"[:de]LED Screen Trailer[:en]LED Screen Trailer | Arcus Licht- und Pr\u00e4sentationstechnik\" \/>\n<meta property=\"og:description\" content=\"Nutzen Sie den mobilen LED Screen Trailer f\u00fcr Live\u00fcbertragungen und erschaffen Sie eine unbeschreibliche Atmosph\u00e4re bei Public Viewing, Festivals, u.v.m.\" \/>\n<meta property=\"og:url\" content=\"https:\/\/www.arcus-lighting.com\/de\/led-screen-trailer\/\" \/>\n<meta property=\"og:site_name\" content=\"Arcus Licht- und Pr\u00e4sentationstechnik\" \/>\n<meta property=\"article:modified_time\" content=\"2018-05-09T07:39:38+00:00\" \/>\n<meta property=\"og:image\" content=\"http:\/\/www.arcus-lighting.com\/wp-content\/uploads\/2016\/04\/LED-Screen-Trailer-Moversystem-1.png\" \/>\n<meta name=\"twitter:label1\" content=\"Gesch\u00e4tzte Lesezeit\" \/>\n\t<meta name=\"twitter:data1\" content=\"12\u00a0Minuten\" \/>\n<script type=\"application\/ld+json\" class=\"yoast-schema-graph\">{\"@context\":\"https:\/\/schema.org\",\"@graph\":[{\"@type\":\"WebPage\",\"@id\":\"https:\/\/www.arcus-lighting.com\/de\/led-screen-trailer\/\",\"url\":\"https:\/\/www.arcus-lighting.com\/de\/led-screen-trailer\/\",\"name\":\"[:de]LED Screen Trailer[:en]LED Screen Trailer | Arcus Licht- und Pr\u00e4sentationstechnik\",\"isPartOf\":{\"@id\":\"https:\/\/www.arcus-lighting.com\/de\/#website\"},\"datePublished\":\"2016-04-06T07:13:04+00:00\",\"dateModified\":\"2018-05-09T07:39:38+00:00\",\"description\":\"Nutzen Sie den mobilen LED Screen Trailer f\u00fcr Live\u00fcbertragungen und erschaffen Sie eine unbeschreibliche Atmosph\u00e4re bei Public Viewing, Festivals, u.v.m.\",\"breadcrumb\":{\"@id\":\"https:\/\/www.arcus-lighting.com\/de\/led-screen-trailer\/#breadcrumb\"},\"inLanguage\":\"de\",\"potentialAction\":[{\"@type\":\"ReadAction\",\"target\":[\"https:\/\/www.arcus-lighting.com\/de\/led-screen-trailer\/\"]}]},{\"@type\":\"BreadcrumbList\",\"@id\":\"https:\/\/www.arcus-lighting.com\/de\/led-screen-trailer\/#breadcrumb\",\"itemListElement\":[{\"@type\":\"ListItem\",\"position\":1,\"name\":\"Home\",\"item\":\"https:\/\/www.arcus-lighting.com\/\"},{\"@type\":\"ListItem\",\"position\":2,\"name\":\"LED Screen Trailer\"}]},{\"@type\":\"WebSite\",\"@id\":\"https:\/\/www.arcus-lighting.com\/de\/#website\",\"url\":\"https:\/\/www.arcus-lighting.com\/de\/\",\"name\":\"Arcus Licht- und Pr\u00e4sentationstechnik\",\"description\":\"\",\"potentialAction\":[{\"@type\":\"SearchAction\",\"target\":{\"@type\":\"EntryPoint\",\"urlTemplate\":\"https:\/\/www.arcus-lighting.com\/de\/?s={search_term_string}\"},\"query-input\":\"required name=search_term_string\"}],\"inLanguage\":\"de\"}]}<\/script>\n<!-- \/ Yoast SEO plugin. -->","yoast_head_json":{"title":"[:de]LED Screen Trailer[:en]LED Screen Trailer | Arcus Licht- und Pr\u00e4sentationstechnik","description":"Nutzen Sie den mobilen LED Screen Trailer f\u00fcr Live\u00fcbertragungen und erschaffen Sie eine unbeschreibliche Atmosph\u00e4re bei Public Viewing, Festivals, u.v.m.","robots":{"index":"index","follow":"follow","max-snippet":"max-snippet:-1","max-image-preview":"max-image-preview:large","max-video-preview":"max-video-preview:-1"},"canonical":"https:\/\/www.arcus-lighting.com\/de\/led-screen-trailer\/","og_locale":"de_DE","og_type":"article","og_title":"[:de]LED Screen Trailer[:en]LED Screen Trailer | Arcus Licht- und Pr\u00e4sentationstechnik","og_description":"Nutzen Sie den mobilen LED Screen Trailer f\u00fcr Live\u00fcbertragungen und erschaffen Sie eine unbeschreibliche Atmosph\u00e4re bei Public Viewing, Festivals, u.v.m.","og_url":"https:\/\/www.arcus-lighting.com\/de\/led-screen-trailer\/","og_site_name":"Arcus Licht- und Pr\u00e4sentationstechnik","article_modified_time":"2018-05-09T07:39:38+00:00","og_image":[{"url":"http:\/\/www.arcus-lighting.com\/wp-content\/uploads\/2016\/04\/LED-Screen-Trailer-Moversystem-1.png"}],"twitter_misc":{"Gesch\u00e4tzte Lesezeit":"12\u00a0Minuten"},"schema":{"@context":"https:\/\/schema.org","@graph":[{"@type":"WebPage","@id":"https:\/\/www.arcus-lighting.com\/de\/led-screen-trailer\/","url":"https:\/\/www.arcus-lighting.com\/de\/led-screen-trailer\/","name":"[:de]LED Screen Trailer[:en]LED Screen Trailer | Arcus Licht- und Pr\u00e4sentationstechnik","isPartOf":{"@id":"https:\/\/www.arcus-lighting.com\/de\/#website"},"datePublished":"2016-04-06T07:13:04+00:00","dateModified":"2018-05-09T07:39:38+00:00","description":"Nutzen Sie den mobilen LED Screen Trailer f\u00fcr Live\u00fcbertragungen und erschaffen Sie eine unbeschreibliche Atmosph\u00e4re bei Public Viewing, Festivals, u.v.m.","breadcrumb":{"@id":"https:\/\/www.arcus-lighting.com\/de\/led-screen-trailer\/#breadcrumb"},"inLanguage":"de","potentialAction":[{"@type":"ReadAction","target":["https:\/\/www.arcus-lighting.com\/de\/led-screen-trailer\/"]}]},{"@type":"BreadcrumbList","@id":"https:\/\/www.arcus-lighting.com\/de\/led-screen-trailer\/#breadcrumb","itemListElement":[{"@type":"ListItem","position":1,"name":"Home","item":"https:\/\/www.arcus-lighting.com\/"},{"@type":"ListItem","position":2,"name":"LED Screen Trailer"}]},{"@type":"WebSite","@id":"https:\/\/www.arcus-lighting.com\/de\/#website","url":"https:\/\/www.arcus-lighting.com\/de\/","name":"Arcus Licht- und Pr\u00e4sentationstechnik","description":"","potentialAction":[{"@type":"SearchAction","target":{"@type":"EntryPoint","urlTemplate":"https:\/\/www.arcus-lighting.com\/de\/?s={search_term_string}"},"query-input":"required name=search_term_string"}],"inLanguage":"de"}]}},"_links":{"self":[{"href":"https:\/\/www.arcus-lighting.com\/de\/wp-json\/wp\/v2\/pages\/5539"}],"collection":[{"href":"https:\/\/www.arcus-lighting.com\/de\/wp-json\/wp\/v2\/pages"}],"about":[{"href":"https:\/\/www.arcus-lighting.com\/de\/wp-json\/wp\/v2\/types\/page"}],"author":[{"embeddable":true,"href":"https:\/\/www.arcus-lighting.com\/de\/wp-json\/wp\/v2\/users\/1"}],"replies":[{"embeddable":true,"href":"https:\/\/www.arcus-lighting.com\/de\/wp-json\/wp\/v2\/comments?post=5539"}],"version-history":[{"count":6,"href":"https:\/\/www.arcus-lighting.com\/de\/wp-json\/wp\/v2\/pages\/5539\/revisions"}],"predecessor-version":[{"id":6354,"href":"https:\/\/www.arcus-lighting.com\/de\/wp-json\/wp\/v2\/pages\/5539\/revisions\/6354"}],"wp:attachment":[{"href":"https:\/\/www.arcus-lighting.com\/de\/wp-json\/wp\/v2\/media?parent=5539"}],"curies":[{"name":"wp","href":"https:\/\/api.w.org\/{rel}","templated":true}]}}