{"id":1172,"date":"2016-02-17T11:35:01","date_gmt":"2016-02-17T10:35:01","guid":{"rendered":"http:\/\/www.arcus-lighting.com\/?page_id=1172"},"modified":"2018-05-08T14:00:28","modified_gmt":"2018-05-08T12:00:28","slug":"backup-4","status":"publish","type":"page","link":"https:\/\/www.arcus-lighting.com\/de\/backup-4\/","title":{"rendered":"Backup 4"},"content":{"rendered":"<section  class=\"ux-section dark has-parallax\" style=\"padding:160px 0;margin-bottom:0px!important;\">  \n      <div class=\"ux-section-bg banner-bg \" 0 style=\"background-image:url(http:\/\/www.arcus-lighting.com\/wp-content\/uploads\/2016\/02\/Backup4-Header-1.jpg);\"><\/div> \n      \n     <div class=\"ux-section-content\">\n<div style=\"display:block;height:30px\" class=\"clearfix\"><\/div>\n<h1 class=\"h-xlarge uppercase\" style=\"text-align: center;\">Backup 4<\/h1>\n<p class=\"h-large\" style=\"text-align: center;\">Made in Germany<\/p>\n<\/div>\n      \n        <\/section><!-- .ux-section -->\n\n  \n\n     \n     <section  class=\"ux-section dark\" style=\"background-color:#000!important;padding:0px 0;margin-bottom:0px!important;\">  \n      \n      \n     <div class=\"ux-section-content\">\n\t<div  class=\"row container \">\n<div class=\"small-12    large-12  columns   \"  ><div class=\"column-inner\"  >\n<h2 class=\"thin-font uppercase\">Beschreibung<\/h2>\n<p>Die Backup 4 Switches erm\u00f6glichen das zuverl\u00e4ssige Umschalten von einem Haupt- auf ein Backup-System. Es werden bis zu 8\u00a0DMX Universen unterst\u00fctzt und in der \u201eN\u201c Ausf\u00fchrung zus\u00e4tzlich Ethernet, bspw. f\u00fcr die Protokolle Art-Net und sACN (E1.3.1).<\/p>\n<\/div><\/div>\n<div class=\"small-12    large-6  columns   \"  ><div class=\"column-inner\"  >\n\n  <div class=\"featured-box  pos-left  \" title=\"\"  style=\"padding-left:79px;\">\n  <div class=\"box-inner\">\n    <div  class=\"featured-img  \"  style=\"width:64px;max-height:64px; \"><img src=\"https:\/\/www.arcus-lighting.com\/wp-content\/uploads\/2016\/02\/Backup4-Icon-Fast-Live-Switching.png\" alt=\"\" style=\"width:100%;\"><\/div><!-- end icon -->        <h4> <span> <\/span><\/h4>\n        <h3 class=\"thin-font uppercase\">Schnelle Live-Umschaltung<\/h3>\n<p>Im Notfall erm\u00f6glichen die Backup 4 Switches durch den gro\u00dfen Umschalter einen schnellen und einfachen Wechsel\u00a0zwischen Haupt- und Backup Steuerung. Es m\u00fcssen keine Kabel aufwendig umgesteckt werden und die Arbeit kann innerhalb von wenigen Sekunden am Backup System fortgesetzt werden.<\/p>\n  <\/div>\n  <\/div>\n\n  \n<\/div><\/div>\n<div class=\"small-12    large-6  columns   \"  ><div class=\"column-inner\"  >\n\n  <div class=\"featured-box  pos-left  \" title=\"\"  style=\"padding-left:79px;\">\n  <div class=\"box-inner\">\n    <div  class=\"featured-img  \"  style=\"width:64px;max-height:64px; \"><img src=\"https:\/\/www.arcus-lighting.com\/wp-content\/uploads\/2016\/02\/Backup4-Icon-No-Signal-Interference.png\" alt=\"\" style=\"width:100%;\"><\/div><!-- end icon -->        <h4> <span> <\/span><\/h4>\n        <h3 class=\"thin-font uppercase\">Keine Signalbeeintr\u00e4chtigung<\/h3>\n<p>Die Backup 4 Switches garantieren eine messtechnisch neutrale Live-Schaltung. Dies wird durch gezielte elektromagnetische Abschirmung und einer zu 100% passiven Konstruktion erreicht. Zusammen mit aufwendigen Messungen kann so sichergestellt werden, dass Signale der Haupt- bzw. Backup Steuerung in keiner Weise beeinflusst werden.<\/p>\n  <\/div>\n  <\/div>\n\n  \n<\/div><\/div>\n<\/div>\n  \n\t<div  class=\"row container \">\n<div class=\"small-12    large-6  columns   \"  ><div class=\"column-inner\"  >\n\n  <div class=\"featured-box  pos-left  \" title=\"\"  style=\"padding-left:79px;\">\n  <div class=\"box-inner\">\n    <div  class=\"featured-img  \"  style=\"width:64px;max-height:64px; \"><img src=\"https:\/\/www.arcus-lighting.com\/wp-content\/uploads\/2016\/02\/Backup4-Icon-Extremely-High-Resilient.png\" alt=\"\" style=\"width:100%;\"><\/div><!-- end icon -->        <h4> <span> <\/span><\/h4>\n        <h3 class=\"thin-font uppercase\">Extrem hohe Ausfallsicherung<\/h3>\n<p>Durch die v\u00f6llig netzunabh\u00e4ngige und robuste Konstruktion der Backup 4 Switches, wird eine herausragende Ausfallsicherheit erreicht, welche z.B. von aktiven L\u00f6sungen mit ihren zus\u00e4tzlichen Fehlerquellen nicht erzielt werden kann.<\/p>\n  <\/div>\n  <\/div>\n\n  \n<\/div><\/div>\n<div class=\"small-12    large-6  columns   \"  ><div class=\"column-inner\"  >\n\n  <div class=\"featured-box  pos-left  \" title=\"\"  style=\"padding-left:79px;\">\n  <div class=\"box-inner\">\n    <div  class=\"featured-img  \"  style=\"width:64px;max-height:64px; \"><img src=\"https:\/\/www.arcus-lighting.com\/wp-content\/uploads\/2016\/02\/Backup4-Icon-High-Quality.png\" alt=\"\" style=\"width:100%;\"><\/div><!-- end icon -->        <h4> <span> <\/span><\/h4>\n        <h3 class=\"thin-font uppercase\">Hochwertige Verarbeitung<\/h3>\n<p>Die Backup 4 Switches sind aus einem hochwertigen, eloxierten 2HE 19\u2033 Geh\u00e4use f\u00fcr die Rack-Montage gefertigt, welche aus Aluminium mit den h\u00f6chsten Qualit\u00e4tsanspr\u00fcchen in Deutschland produziert werden.<\/p>\n  <\/div>\n  <\/div>\n\n  \n<\/div><\/div>\n<\/div>\n  \n<div style=\"display:block;height:2em\" class=\"clearfix\"><\/div>\n<\/div>\n      \n        <\/section><!-- .ux-section -->\n\n  \n<div class=\"message-box dark\" style=\"background-image:url();background-color:#005B72!important\"><div class=\"row\"><div class=\"large-12 columns\"><div class=\"inner\"><a href=\"http:\/\/www.arcus-lighting.com\/kategorie\/backup-4\/\" class=\"button medium white\" >Produktkatalog ansehen<\/a>\n<\/div><\/div><\/div><\/div><!-- .message-box -->\n\n     \n     <section  class=\"ux-section\" style=\"padding:30px 0;margin-bottom:0px!important;\">  \n      \n      \n     <div class=\"ux-section-content\">\n\t<div  class=\"row container \">\n<div class=\"small-12    large-12  columns   \"  ><div class=\"column-inner\"  >\n<h2 class=\"uppercase thin-font\" style=\"text-align: left;\"><strong>Sicher<\/strong>\u00a0&#8211; bei jeder Show<\/h2>\n<div style=\"display:block;height:1em\" class=\"clearfix\"><\/div>\n<p><img decoding=\"async\" loading=\"lazy\" class=\"aligncenter wp-image-4170 size-full\" src=\"http:\/\/www.arcus-lighting.com\/wp-content\/uploads\/2016\/02\/Backup4-Connections.jpg\" alt=\"\" width=\"1000\" height=\"180\" srcset=\"https:\/\/www.arcus-lighting.com\/wp-content\/uploads\/2016\/02\/Backup4-Connections.jpg 1000w, https:\/\/www.arcus-lighting.com\/wp-content\/uploads\/2016\/02\/Backup4-Connections-800x144.jpg 800w, https:\/\/www.arcus-lighting.com\/wp-content\/uploads\/2016\/02\/Backup4-Connections-768x138.jpg 768w\" sizes=\"(max-width: 1000px) 100vw, 1000px\" \/><\/p>\n<\/div><\/div>\n<div class=\"small-12    large-6  columns   \"  ><div class=\"column-inner\"  >\n\n  <div class=\"featured-box  pos-left  \" title=\"\"  style=\"padding-left:79px;\">\n  <div class=\"box-inner\">\n    <div  class=\"featured-img  \"  style=\"width:64px;max-height:64px; \"><img src=\"https:\/\/www.arcus-lighting.com\/wp-content\/uploads\/2016\/02\/Backup4-Connections-Icons-DMX.png\" alt=\"\" style=\"width:100%;\"><\/div><!-- end icon -->        <h4> <span> <\/span><\/h4>\n        <h3 class=\"thin-font\">DMX Kan\u00e4le<\/h3>\n<p>Mechanische Umschaltung je nach Ausf\u00fchrung von 4\u00a0bzw. 8, 5 poligen DMX Kan\u00e4len.<\/p>\n<p class=\"uppercase\">Eing\u00e4nge<\/p>\n<ul>\n<li>Main: 4x oder 8x DMX Stecker<\/li>\n<li>Backup: 4x oder 8x DMX Stecker<\/li>\n<\/ul>\n<p class=\"uppercase\">Ausg\u00e4nge<\/p>\n<ul>\n<li>Output: 4x oder 8x DMX Buchsen<\/li>\n<\/ul>\n<p>Die Switches sind kompatibel zu RDM.<\/p>\n  <\/div>\n  <\/div>\n\n  \n<\/div><\/div>\n<div class=\"small-12    large-6  columns   \"  ><div class=\"column-inner\"  >\n\n  <div class=\"featured-box  pos-left  \" title=\"\"  style=\"padding-left:79px;\">\n  <div class=\"box-inner\">\n    <div  class=\"featured-img  \"  style=\"width:64px;max-height:64px; \"><img src=\"https:\/\/www.arcus-lighting.com\/wp-content\/uploads\/2016\/02\/Backup4-Connections-Icons-Ethernet.png\" alt=\"\" style=\"width:100%;\"><\/div><!-- end icon -->        <h4> <span> <\/span><\/h4>\n        <h3 class=\"thin-font\">Ethernet<\/h3>\n<p>Mechanische Umschaltung von Ethernet optional in der \u201eN\u201c Version.<\/p>\n<p class=\"uppercase\">Eing\u00e4nge<\/p>\n<ul>\n<li>Main: 1x Ethercon Neutrik Netzwerkbuchse<\/li>\n<li>Backup: 1x Ethercon Neutrik Netzwerkbuchse<\/li>\n<\/ul>\n<p class=\"uppercase\">Ausg\u00e4nge<\/p>\n<ul>\n<li>Output: 1x Ethercon Neutrik Netzwerkbuchse<\/li>\n<\/ul>\n<p>Die Switches sind nach dem Netzwerkstandard Cat5e gepr\u00fcft und vollkommen zertifiziert. Zudem werden\u00a0alle g\u00e4ngigen Netzwerkprotokolle, insb. aber auch Art-Net, sACN (E1.2.1), Hog-Net, MA-Net &amp; MA2-Net, unterst\u00fctzt.<\/p>\n  <\/div>\n  <\/div>\n\n  \n<\/div><\/div>\n<\/div>\n  \n<\/div>\n      \n        <\/section><!-- .ux-section -->\n\n  \n\n     \n     <section  class=\"ux-section dark\" style=\"background-color:#1a1a1a!important;padding:30px 0;margin-bottom:0px!important;\">  \n      \n      \n     <div class=\"ux-section-content\">\n\t<div  class=\"row container \">\n<div class=\"small-12    large-12  columns   \"  ><div class=\"column-inner\"  >\n<h2 class=\"thin-font uppercase\">Anwendungsbeispiel<\/h2>\n<p><img decoding=\"async\" loading=\"lazy\" class=\"aligncenter wp-image-4171 size-full\" src=\"http:\/\/www.arcus-lighting.com\/wp-content\/uploads\/2016\/02\/Backup4-Application.jpg\" alt=\"\" width=\"1000\" height=\"468\" srcset=\"https:\/\/www.arcus-lighting.com\/wp-content\/uploads\/2016\/02\/Backup4-Application.jpg 1000w, https:\/\/www.arcus-lighting.com\/wp-content\/uploads\/2016\/02\/Backup4-Application-800x374.jpg 800w, https:\/\/www.arcus-lighting.com\/wp-content\/uploads\/2016\/02\/Backup4-Application-768x359.jpg 768w\" sizes=\"(max-width: 1000px) 100vw, 1000px\" \/><\/p>\n<\/div><\/div>\n<div class=\"small-12    large-12  columns   \"  ><div class=\"column-inner\"  >\n<h2 class=\"uppercase thin-font\">Weitere Anwendungsm\u00f6glichkeiten<\/h2>\n<p>Die Backup 4 Familie ist nicht nur auf die Umschaltung zwischen einem Haupt- auf ein Backup-System beschr\u00e4nkt, sondern kann sehr vielseitig eingesetzt werden. Folgende zus\u00e4tzliche Anwendungsm\u00f6glichkeiten sind bspw. m\u00f6glich:<\/p>\n<ul>\n<li>Umschalten von DMX und Art-Net Signalen zwischen Konsolen verschiedener Hersteller<\/li>\n<li>Umschaltung von Netzwerksignalen von einer Konsole zu DMX Ausgabeger\u00e4ten<\/li>\n<li>Umschaltung aller g\u00e4ngigen Netzwerkprotokollen z.B. Art-Net, Hog-Net, sACN (E1.2.1), MA-Net und MA2-Net.<\/li>\n<\/ul>\n<\/div><\/div>\n<\/div>\n  \n<\/div>\n      \n        <\/section><!-- .ux-section -->\n\n  \n\n     \n     <section  class=\"ux-section\" style=\"background-color:#fff!important;padding:30px 0;margin-bottom:0px!important;\">  \n      \n      \n     <div class=\"ux-section-content\">\n\t<div  class=\"row container \">\n<div class=\"small-12    large-12  columns   \"  ><div class=\"column-inner\"  >\n<h2 class=\"uppercase thin-font\" style=\"text-align: left;\">Verf\u00fcgbare Backup 4 Switches<\/h2>\n<\/div><\/div>\n<div class=\"small-12    large-6  columns   \"  ><div class=\"column-inner\"  >\n<h3><a href=\"http:\/\/www.arcus-lighting.com\/produkt\/rs-4000n-rs-4000\/\"><img decoding=\"async\" loading=\"lazy\" class=\"aligncenter size-full wp-image-4178\" src=\"http:\/\/www.arcus-lighting.com\/wp-content\/uploads\/2016\/02\/Backup4-RS4000N.jpeg\" alt=\"Backup4-RS4000N\" width=\"720\" height=\"314\" \/><\/a><\/h3>\n<h3 class=\"thin-font\" style=\"text-align: center;\"><a href=\"http:\/\/www.arcus-lighting.com\/produkt\/rs-4000n-rs-4000\/\">RS 4000N \/ RS 4000<\/a><\/h3>\n<\/div><\/div>\n<div class=\"small-12    large-6  columns   \"  ><div class=\"column-inner\"  >\n<h3><a href=\"http:\/\/www.arcus-lighting.com\/produkt\/rs-8000n-rs-8000\/\"><img decoding=\"async\" loading=\"lazy\" class=\"aligncenter wp-image-4179 size-full\" src=\"http:\/\/www.arcus-lighting.com\/wp-content\/uploads\/2016\/02\/Backup4-RS8000N.jpeg\" alt=\"\" width=\"720\" height=\"314\" \/><\/a><\/h3>\n<h3 class=\"thin-font\" style=\"text-align: center;\"><a href=\"http:\/\/www.arcus-lighting.com\/produkt\/rs-8000n-rs-8000\/\">RS 8000 \/ RS8000N<\/a><\/h3>\n<\/div><\/div>\n<\/div>\n  \n<\/div>\n      \n        <\/section><!-- .ux-section -->","protected":false},"excerpt":{"rendered":"","protected":false},"author":1,"featured_media":0,"parent":0,"menu_order":0,"comment_status":"closed","ping_status":"closed","template":"page-transparent-header-light.php","meta":[],"yoast_head":"<!-- This site is optimized with the Yoast SEO plugin v20.0 - https:\/\/yoast.com\/wordpress\/plugins\/seo\/ -->\n<title>Backup 4<\/title>\n<meta name=\"description\" content=\"Die Backup 4 Switches erm\u00f6glichen das zuverl\u00e4ssige Umschalten von einem Haupt- auf ein Backup-System.\" \/>\n<meta name=\"robots\" content=\"index, follow, max-snippet:-1, max-image-preview:large, max-video-preview:-1\" \/>\n<link rel=\"canonical\" href=\"https:\/\/www.arcus-lighting.com\/de\/backup-4\/\" \/>\n<meta property=\"og:locale\" content=\"de_DE\" \/>\n<meta property=\"og:type\" content=\"article\" \/>\n<meta property=\"og:title\" content=\"[:de]Backup 4[:en]Backup 4 | Arcus Licht- und Pr\u00e4sentationstechnik\" \/>\n<meta property=\"og:description\" content=\"Die Backup 4 Switches erm\u00f6glichen das zuverl\u00e4ssige Umschalten von einem Haupt- auf ein Backup-System.\" \/>\n<meta property=\"og:url\" content=\"https:\/\/www.arcus-lighting.com\/de\/backup-4\/\" \/>\n<meta property=\"og:site_name\" content=\"Arcus Licht- und Pr\u00e4sentationstechnik\" \/>\n<meta property=\"article:modified_time\" content=\"2018-05-08T12:00:28+00:00\" \/>\n<meta property=\"og:image\" content=\"http:\/\/www.arcus-lighting.com\/wp-content\/uploads\/2016\/02\/Backup4-Connections.jpg\" \/>\n<meta name=\"twitter:label1\" content=\"Gesch\u00e4tzte Lesezeit\" \/>\n\t<meta name=\"twitter:data1\" content=\"6\u00a0Minuten\" \/>\n<script type=\"application\/ld+json\" class=\"yoast-schema-graph\">{\"@context\":\"https:\/\/schema.org\",\"@graph\":[{\"@type\":\"WebPage\",\"@id\":\"https:\/\/www.arcus-lighting.com\/de\/backup-4\/\",\"url\":\"https:\/\/www.arcus-lighting.com\/de\/backup-4\/\",\"name\":\"[:de]Backup 4[:en]Backup 4 | Arcus Licht- und Pr\u00e4sentationstechnik\",\"isPartOf\":{\"@id\":\"https:\/\/www.arcus-lighting.com\/de\/#website\"},\"datePublished\":\"2016-02-17T10:35:01+00:00\",\"dateModified\":\"2018-05-08T12:00:28+00:00\",\"description\":\"Die Backup 4 Switches erm\u00f6glichen das zuverl\u00e4ssige Umschalten von einem Haupt- auf ein Backup-System.\",\"breadcrumb\":{\"@id\":\"https:\/\/www.arcus-lighting.com\/de\/backup-4\/#breadcrumb\"},\"inLanguage\":\"de\",\"potentialAction\":[{\"@type\":\"ReadAction\",\"target\":[\"https:\/\/www.arcus-lighting.com\/de\/backup-4\/\"]}]},{\"@type\":\"BreadcrumbList\",\"@id\":\"https:\/\/www.arcus-lighting.com\/de\/backup-4\/#breadcrumb\",\"itemListElement\":[{\"@type\":\"ListItem\",\"position\":1,\"name\":\"Home\",\"item\":\"https:\/\/www.arcus-lighting.com\/\"},{\"@type\":\"ListItem\",\"position\":2,\"name\":\"Backup 4\"}]},{\"@type\":\"WebSite\",\"@id\":\"https:\/\/www.arcus-lighting.com\/de\/#website\",\"url\":\"https:\/\/www.arcus-lighting.com\/de\/\",\"name\":\"Arcus Licht- und Pr\u00e4sentationstechnik\",\"description\":\"\",\"potentialAction\":[{\"@type\":\"SearchAction\",\"target\":{\"@type\":\"EntryPoint\",\"urlTemplate\":\"https:\/\/www.arcus-lighting.com\/de\/?s={search_term_string}\"},\"query-input\":\"required name=search_term_string\"}],\"inLanguage\":\"de\"}]}<\/script>\n<!-- \/ Yoast SEO plugin. -->","yoast_head_json":{"title":"[:de]Backup 4[:en]Backup 4 | Arcus Licht- und Pr\u00e4sentationstechnik","description":"Die Backup 4 Switches erm\u00f6glichen das zuverl\u00e4ssige Umschalten von einem Haupt- auf ein Backup-System.","robots":{"index":"index","follow":"follow","max-snippet":"max-snippet:-1","max-image-preview":"max-image-preview:large","max-video-preview":"max-video-preview:-1"},"canonical":"https:\/\/www.arcus-lighting.com\/de\/backup-4\/","og_locale":"de_DE","og_type":"article","og_title":"[:de]Backup 4[:en]Backup 4 | Arcus Licht- und Pr\u00e4sentationstechnik","og_description":"Die Backup 4 Switches erm\u00f6glichen das zuverl\u00e4ssige Umschalten von einem Haupt- auf ein Backup-System.","og_url":"https:\/\/www.arcus-lighting.com\/de\/backup-4\/","og_site_name":"Arcus Licht- und Pr\u00e4sentationstechnik","article_modified_time":"2018-05-08T12:00:28+00:00","og_image":[{"url":"http:\/\/www.arcus-lighting.com\/wp-content\/uploads\/2016\/02\/Backup4-Connections.jpg"}],"twitter_misc":{"Gesch\u00e4tzte Lesezeit":"6\u00a0Minuten"},"schema":{"@context":"https:\/\/schema.org","@graph":[{"@type":"WebPage","@id":"https:\/\/www.arcus-lighting.com\/de\/backup-4\/","url":"https:\/\/www.arcus-lighting.com\/de\/backup-4\/","name":"[:de]Backup 4[:en]Backup 4 | Arcus Licht- und Pr\u00e4sentationstechnik","isPartOf":{"@id":"https:\/\/www.arcus-lighting.com\/de\/#website"},"datePublished":"2016-02-17T10:35:01+00:00","dateModified":"2018-05-08T12:00:28+00:00","description":"Die Backup 4 Switches erm\u00f6glichen das zuverl\u00e4ssige Umschalten von einem Haupt- auf ein Backup-System.","breadcrumb":{"@id":"https:\/\/www.arcus-lighting.com\/de\/backup-4\/#breadcrumb"},"inLanguage":"de","potentialAction":[{"@type":"ReadAction","target":["https:\/\/www.arcus-lighting.com\/de\/backup-4\/"]}]},{"@type":"BreadcrumbList","@id":"https:\/\/www.arcus-lighting.com\/de\/backup-4\/#breadcrumb","itemListElement":[{"@type":"ListItem","position":1,"name":"Home","item":"https:\/\/www.arcus-lighting.com\/"},{"@type":"ListItem","position":2,"name":"Backup 4"}]},{"@type":"WebSite","@id":"https:\/\/www.arcus-lighting.com\/de\/#website","url":"https:\/\/www.arcus-lighting.com\/de\/","name":"Arcus Licht- und Pr\u00e4sentationstechnik","description":"","potentialAction":[{"@type":"SearchAction","target":{"@type":"EntryPoint","urlTemplate":"https:\/\/www.arcus-lighting.com\/de\/?s={search_term_string}"},"query-input":"required name=search_term_string"}],"inLanguage":"de"}]}},"_links":{"self":[{"href":"https:\/\/www.arcus-lighting.com\/de\/wp-json\/wp\/v2\/pages\/1172"}],"collection":[{"href":"https:\/\/www.arcus-lighting.com\/de\/wp-json\/wp\/v2\/pages"}],"about":[{"href":"https:\/\/www.arcus-lighting.com\/de\/wp-json\/wp\/v2\/types\/page"}],"author":[{"embeddable":true,"href":"https:\/\/www.arcus-lighting.com\/de\/wp-json\/wp\/v2\/users\/1"}],"replies":[{"embeddable":true,"href":"https:\/\/www.arcus-lighting.com\/de\/wp-json\/wp\/v2\/comments?post=1172"}],"version-history":[{"count":5,"href":"https:\/\/www.arcus-lighting.com\/de\/wp-json\/wp\/v2\/pages\/1172\/revisions"}],"predecessor-version":[{"id":6349,"href":"https:\/\/www.arcus-lighting.com\/de\/wp-json\/wp\/v2\/pages\/1172\/revisions\/6349"}],"wp:attachment":[{"href":"https:\/\/www.arcus-lighting.com\/de\/wp-json\/wp\/v2\/media?parent=1172"}],"curies":[{"name":"wp","href":"https:\/\/api.w.org\/{rel}","templated":true}]}}